{"id":42,"date":"2020-11-26T07:33:26","date_gmt":"2020-11-26T07:33:26","guid":{"rendered":"https:\/\/www.ollisdiner.dk\/?page_id=42"},"modified":"2026-01-22T18:45:17","modified_gmt":"2026-01-22T18:45:17","slug":"ollis-diner","status":"publish","type":"page","link":"https:\/\/www.ollisdiner.dk\/index.php\/ollis-diner\/","title":{"rendered":"Om"},"content":{"rendered":"\t\t<div data-elementor-type=\"wp-page\" data-elementor-id=\"42\" class=\"elementor elementor-42\">\n\t\t\t\t\t\t<section class=\"elementor-section elementor-top-section elementor-element elementor-element-7917d9a1 elementor-section-height-min-height elementor-section-items-stretch elementor-section-content-bottom elementor-reverse-tablet elementor-section-boxed elementor-section-height-default\" data-id=\"7917d9a1\" data-element_type=\"section\" data-e-type=\"section\" data-settings=\"{&quot;background_background&quot;:&quot;classic&quot;}\">\n\t\t\t\t\t\t<div class=\"elementor-container elementor-column-gap-no\">\n\t\t\t\t\t<div class=\"elementor-column elementor-col-50 elementor-top-column elementor-element elementor-element-66bfd7d3\" data-id=\"66bfd7d3\" data-element_type=\"column\" data-e-type=\"column\">\n\t\t\t<div class=\"elementor-widget-wrap elementor-element-populated\">\n\t\t\t\t\t\t<div class=\"elementor-element elementor-element-7aed8a2c elementor-invisible elementor-widget elementor-widget-image\" data-id=\"7aed8a2c\" data-element_type=\"widget\" data-e-type=\"widget\" data-settings=\"{&quot;_animation&quot;:&quot;slideInDown&quot;}\" data-widget_type=\"image.default\">\n\t\t\t\t<div class=\"elementor-widget-container\">\n\t\t\t\t\t\t\t\t\t\t\t\t\t\t\t<img fetchpriority=\"high\" decoding=\"async\" width=\"800\" height=\"467\" src=\"https:\/\/www.ollisdiner.dk\/wp-content\/uploads\/2020\/11\/menu-1024x598.png\" class=\"attachment-large size-large wp-image-498\" alt=\"\" srcset=\"https:\/\/www.ollisdiner.dk\/wp-content\/uploads\/2020\/11\/menu-1024x598.png 1024w, https:\/\/www.ollisdiner.dk\/wp-content\/uploads\/2020\/11\/menu-300x175.png 300w, https:\/\/www.ollisdiner.dk\/wp-content\/uploads\/2020\/11\/menu-768x448.png 768w, https:\/\/www.ollisdiner.dk\/wp-content\/uploads\/2020\/11\/menu.png 1141w\" sizes=\"(max-width: 800px) 100vw, 800px\" \/>\t\t\t\t\t\t\t\t\t\t\t\t\t\t\t<\/div>\n\t\t\t\t<\/div>\n\t\t\t\t\t<\/div>\n\t\t<\/div>\n\t\t\t\t<div class=\"elementor-column elementor-col-50 elementor-top-column elementor-element elementor-element-97403b\" data-id=\"97403b\" data-element_type=\"column\" data-e-type=\"column\" data-settings=\"{&quot;background_background&quot;:&quot;classic&quot;}\">\n\t\t\t<div class=\"elementor-widget-wrap elementor-element-populated\">\n\t\t\t\t\t\t<div class=\"elementor-element elementor-element-3b5bd282 elementor-invisible elementor-widget elementor-widget-heading\" data-id=\"3b5bd282\" data-element_type=\"widget\" data-e-type=\"widget\" data-settings=\"{&quot;_animation&quot;:&quot;fadeInUp&quot;,&quot;_animation_delay&quot;:200}\" data-widget_type=\"heading.default\">\n\t\t\t\t<div class=\"elementor-widget-container\">\n\t\t\t\t\t<h1 class=\"elementor-heading-title elementor-size-default\">Olli's Diner<\/h1>\t\t\t\t<\/div>\n\t\t\t\t<\/div>\n\t\t\t\t<div class=\"elementor-element elementor-element-58a8abd elementor-invisible elementor-widget elementor-widget-text-editor\" data-id=\"58a8abd\" data-element_type=\"widget\" data-e-type=\"widget\" data-settings=\"{&quot;_animation&quot;:&quot;fadeInUp&quot;,&quot;_animation_delay&quot;:400}\" data-widget_type=\"text-editor.default\">\n\t\t\t\t<div class=\"elementor-widget-container\">\n\t\t\t\t\t\t\t\t\t<p class=\"p1\">Hos\u00a0<b>Olli\u2019s Diner<\/b>\u00a0anvender vi altid friske og gode r\u00e5varer, som giver dig den bedste oplevelse. Vi ved, hvor meget det betyder for dig, at b\u00e5de du og dine g\u00e6ster f\u00e5r den perfekte madoplevelse.<\/p><p class=\"p1\">Vi leverer til hele \u00d8stjylland, s\u00e5 skal du holde f\u00f8dselsdag, bryllup, reception, konfirmation eller noget helt andet, st\u00e5r vi gerne til r\u00e5dighed.<\/p>\t\t\t\t\t\t\t\t<\/div>\n\t\t\t\t<\/div>\n\t\t\t\t<div class=\"elementor-element elementor-element-78c1cd23 elementor-widget__width-initial elementor-widget-tablet__width-inherit elementor-widget-mobile__width-inherit elementor-absolute elementor-widget elementor-widget-spacer\" data-id=\"78c1cd23\" data-element_type=\"widget\" data-e-type=\"widget\" data-settings=\"{&quot;_position&quot;:&quot;absolute&quot;}\" data-widget_type=\"spacer.default\">\n\t\t\t\t<div class=\"elementor-widget-container\">\n\t\t\t\t\t\t\t<div class=\"elementor-spacer\">\n\t\t\t<div class=\"elementor-spacer-inner\"><\/div>\n\t\t<\/div>\n\t\t\t\t\t\t<\/div>\n\t\t\t\t<\/div>\n\t\t\t\t\t<\/div>\n\t\t<\/div>\n\t\t\t\t\t<\/div>\n\t\t<\/section>\n\t\t\t\t<section class=\"elementor-section elementor-top-section elementor-element elementor-element-28163d8a elementor-section-full_width elementor-section-height-min-height elementor-section-items-stretch elementor-section-content-middle elementor-section-height-default\" data-id=\"28163d8a\" data-element_type=\"section\" data-e-type=\"section\">\n\t\t\t\t\t\t<div class=\"elementor-container elementor-column-gap-no\">\n\t\t\t\t\t<div class=\"elementor-column elementor-col-100 elementor-top-column elementor-element elementor-element-7eba68f1\" data-id=\"7eba68f1\" data-element_type=\"column\" data-e-type=\"column\">\n\t\t\t<div class=\"elementor-widget-wrap elementor-element-populated\">\n\t\t\t\t\t\t<div class=\"elementor-element elementor-element-341d1e2f elementor-widget__width-auto elementor-absolute elementor-invisible elementor-widget elementor-widget-image\" data-id=\"341d1e2f\" data-element_type=\"widget\" data-e-type=\"widget\" data-settings=\"{&quot;_animation&quot;:&quot;slideInLeft&quot;,&quot;_position&quot;:&quot;absolute&quot;}\" data-widget_type=\"image.default\">\n\t\t\t\t<div class=\"elementor-widget-container\">\n\t\t\t\t\t\t\t\t\t\t\t\t\t\t\t<img decoding=\"async\" width=\"800\" height=\"534\" src=\"https:\/\/www.ollisdiner.dk\/wp-content\/uploads\/2022\/09\/DSC_0141-1024x683.jpg\" class=\"attachment-large size-large wp-image-1995\" alt=\"\" srcset=\"https:\/\/www.ollisdiner.dk\/wp-content\/uploads\/2022\/09\/DSC_0141-1024x683.jpg 1024w, https:\/\/www.ollisdiner.dk\/wp-content\/uploads\/2022\/09\/DSC_0141-300x200.jpg 300w, https:\/\/www.ollisdiner.dk\/wp-content\/uploads\/2022\/09\/DSC_0141-768x512.jpg 768w, https:\/\/www.ollisdiner.dk\/wp-content\/uploads\/2022\/09\/DSC_0141-1536x1024.jpg 1536w, https:\/\/www.ollisdiner.dk\/wp-content\/uploads\/2022\/09\/DSC_0141-2048x1365.jpg 2048w\" sizes=\"(max-width: 800px) 100vw, 800px\" \/>\t\t\t\t\t\t\t\t\t\t\t\t\t\t\t<\/div>\n\t\t\t\t<\/div>\n\t\t\t\t<div class=\"elementor-element elementor-element-666043ce elementor-widget__width-auto elementor-absolute elementor-invisible elementor-widget elementor-widget-image\" data-id=\"666043ce\" data-element_type=\"widget\" data-e-type=\"widget\" data-settings=\"{&quot;_animation&quot;:&quot;slideInRight&quot;,&quot;_animation_delay&quot;:200,&quot;_position&quot;:&quot;absolute&quot;}\" data-widget_type=\"image.default\">\n\t\t\t\t<div class=\"elementor-widget-container\">\n\t\t\t\t\t\t\t\t\t\t\t\t\t\t\t<img decoding=\"async\" width=\"800\" height=\"534\" src=\"https:\/\/www.ollisdiner.dk\/wp-content\/uploads\/2022\/10\/DSC_0202-1024x683.jpg\" class=\"attachment-large size-large wp-image-2051\" alt=\"\" srcset=\"https:\/\/www.ollisdiner.dk\/wp-content\/uploads\/2022\/10\/DSC_0202-1024x683.jpg 1024w, https:\/\/www.ollisdiner.dk\/wp-content\/uploads\/2022\/10\/DSC_0202-300x200.jpg 300w, https:\/\/www.ollisdiner.dk\/wp-content\/uploads\/2022\/10\/DSC_0202-768x512.jpg 768w, https:\/\/www.ollisdiner.dk\/wp-content\/uploads\/2022\/10\/DSC_0202-1536x1024.jpg 1536w, https:\/\/www.ollisdiner.dk\/wp-content\/uploads\/2022\/10\/DSC_0202-2048x1365.jpg 2048w\" sizes=\"(max-width: 800px) 100vw, 800px\" \/>\t\t\t\t\t\t\t\t\t\t\t\t\t\t\t<\/div>\n\t\t\t\t<\/div>\n\t\t\t\t<section class=\"elementor-section elementor-inner-section elementor-element elementor-element-47fda903 elementor-section-height-min-height elementor-section-content-middle elementor-section-boxed elementor-section-height-default\" data-id=\"47fda903\" data-element_type=\"section\" data-e-type=\"section\" data-settings=\"{&quot;background_background&quot;:&quot;classic&quot;}\">\n\t\t\t\t\t\t<div class=\"elementor-container elementor-column-gap-no\">\n\t\t\t\t\t<div class=\"elementor-column elementor-col-100 elementor-inner-column elementor-element elementor-element-5f0952c5\" data-id=\"5f0952c5\" data-element_type=\"column\" data-e-type=\"column\">\n\t\t\t<div class=\"elementor-widget-wrap elementor-element-populated\">\n\t\t\t\t\t\t<div class=\"elementor-element elementor-element-19119537 elementor-invisible elementor-widget elementor-widget-heading\" data-id=\"19119537\" data-element_type=\"widget\" data-e-type=\"widget\" data-settings=\"{&quot;_animation&quot;:&quot;fadeIn&quot;}\" data-widget_type=\"heading.default\">\n\t\t\t\t<div class=\"elementor-widget-container\">\n\t\t\t\t\t<h2 class=\"elementor-heading-title elementor-size-default\">Pensionistmad leveret lige til d\u00f8ren<\/h2>\t\t\t\t<\/div>\n\t\t\t\t<\/div>\n\t\t\t\t<div class=\"elementor-element elementor-element-61a40081 elementor-invisible elementor-widget elementor-widget-text-editor\" data-id=\"61a40081\" data-element_type=\"widget\" data-e-type=\"widget\" data-settings=\"{&quot;_animation&quot;:&quot;fadeIn&quot;,&quot;_animation_delay&quot;:200}\" data-widget_type=\"text-editor.default\">\n\t\t\t\t<div class=\"elementor-widget-container\">\n\t\t\t\t\t\t\t\t\t<p class=\"p1\">Hos Olli\u2019s Diner kan du f\u00e5 leveret mad til d\u00f8ren p\u00e5 m\u00e5nedsabonnement.<\/p><p class=\"p1\">Alt efter hvilket abonnement du v\u00e6lger f\u00e5r du b\u00e5de frokost og aftensmad leveret.<\/p><p class=\"p1\">Hos Olli\u2019s Diner bliver maden lavet efter gode opskrifter med friske r\u00e5varer af kokke med flere \u00e5rs erfaring. Vi l\u00e6gger stor v\u00e6gt p\u00e5 at smag, portionsst\u00f8rrelser og pris er i h\u00f8js\u00e6det til \u00e6re for jer.<\/p>\t\t\t\t\t\t\t\t<\/div>\n\t\t\t\t<\/div>\n\t\t\t\t<div class=\"elementor-element elementor-element-be876ad elementor-align-left elementor-mobile-align-center elementor-widget elementor-widget-button\" data-id=\"be876ad\" data-element_type=\"widget\" data-e-type=\"widget\" data-widget_type=\"button.default\">\n\t\t\t\t<div class=\"elementor-widget-container\">\n\t\t\t\t\t\t\t\t\t<div class=\"elementor-button-wrapper\">\n\t\t\t\t\t<a class=\"elementor-button elementor-button-link elementor-size-sm elementor-animation-push\" href=\"https:\/\/www.ollisdiner.dk\/index.php\/ollis-momse-mad-paa-abonnement\/\">\n\t\t\t\t\t\t<span class=\"elementor-button-content-wrapper\">\n\t\t\t\t\t\t\t\t\t<span class=\"elementor-button-text\">Se vores pakker<\/span>\n\t\t\t\t\t<\/span>\n\t\t\t\t\t<\/a>\n\t\t\t\t<\/div>\n\t\t\t\t\t\t\t\t<\/div>\n\t\t\t\t<\/div>\n\t\t\t\t\t<\/div>\n\t\t<\/div>\n\t\t\t\t\t<\/div>\n\t\t<\/section>\n\t\t\t\t\t<\/div>\n\t\t<\/div>\n\t\t\t\t\t<\/div>\n\t\t<\/section>\n\t\t\t\t<section class=\"elementor-section elementor-top-section elementor-element elementor-element-5a50564f elementor-section-height-min-height elementor-section-items-stretch elementor-section-content-middle elementor-section-boxed elementor-section-height-default\" data-id=\"5a50564f\" data-element_type=\"section\" data-e-type=\"section\" data-settings=\"{&quot;background_background&quot;:&quot;classic&quot;}\">\n\t\t\t\t\t\t<div class=\"elementor-container elementor-column-gap-no\">\n\t\t\t\t\t<div class=\"elementor-column elementor-col-100 elementor-top-column elementor-element elementor-element-6b5d2d92\" data-id=\"6b5d2d92\" data-element_type=\"column\" data-e-type=\"column\" data-settings=\"{&quot;background_background&quot;:&quot;classic&quot;}\">\n\t\t\t<div class=\"elementor-widget-wrap elementor-element-populated\">\n\t\t\t\t\t\t<div class=\"elementor-element elementor-element-743734d9 elementor-invisible elementor-widget elementor-widget-heading\" data-id=\"743734d9\" data-element_type=\"widget\" data-e-type=\"widget\" data-settings=\"{&quot;_animation&quot;:&quot;fadeIn&quot;,&quot;_animation_delay&quot;:400}\" data-widget_type=\"heading.default\">\n\t\t\t\t<div class=\"elementor-widget-container\">\n\t\t\t\t\t<h2 class=\"elementor-heading-title elementor-size-default\">Levering til selskaber<\/h2>\t\t\t\t<\/div>\n\t\t\t\t<\/div>\n\t\t\t\t<div class=\"elementor-element elementor-element-38a3185c elementor-invisible elementor-widget elementor-widget-text-editor\" data-id=\"38a3185c\" data-element_type=\"widget\" data-e-type=\"widget\" data-settings=\"{&quot;_animation&quot;:&quot;fadeIn&quot;,&quot;_animation_delay&quot;:600}\" data-widget_type=\"text-editor.default\">\n\t\t\t\t<div class=\"elementor-widget-container\">\n\t\t\t\t\t\t\t\t\t<p class=\"p1\">Vi leverer til hele \u00d8stjylland, s\u00e5 skal du holde f\u00f8dselsdag, bryllup, reception, konfirmation eller noget helt andet, st\u00e5r vi gerne til r\u00e5dighed.<\/p><p class=\"p1\">Vi leverer, lige som du \u00f8nsker det.<br \/>Evt. med kok som styrer anretninger og s\u00f8rger for, at maden kommer rigtigt ind til dine g\u00e6ster \u2013 du s\u00f8rger selv for hj\u00e6lpere.<\/p><p class=\"p1\">Eller maden kommer i sk\u00e5le og fade, som er klar til bordet, som dine egne hj\u00e6lpere kan g\u00f8re klar. Vi kan ogs\u00e5 tilbyde at s\u00f8rge for alt: bordd\u00e6kning, maden, serveringen og reng\u00f8ringen, s\u00e5 det eneste du skal g\u00f8re, er at l\u00e6ne dig trygt tilbage og bruge tiden p\u00e5 dine g\u00e6ster.<\/p>\t\t\t\t\t\t\t\t<\/div>\n\t\t\t\t<\/div>\n\t\t\t\t\t<\/div>\n\t\t<\/div>\n\t\t\t\t\t<\/div>\n\t\t<\/section>\n\t\t\t\t<\/div>\n\t\t","protected":false},"excerpt":{"rendered":"<p>Olli&#8217;s Diner Hos\u00a0Olli\u2019s Diner\u00a0anvender vi altid friske og gode r\u00e5varer, som giver dig den bedste oplevelse. Vi ved, hvor meget det betyder for dig, at b\u00e5de du og dine g\u00e6ster f\u00e5r den perfekte madoplevelse. Vi leverer til hele \u00d8stjylland, s\u00e5 skal du holde f\u00f8dselsdag, bryllup, reception, konfirmation eller noget helt andet, st\u00e5r vi gerne til [&hellip;]<\/p>\n","protected":false},"author":1,"featured_media":0,"parent":0,"menu_order":0,"comment_status":"closed","ping_status":"closed","template":"","meta":{"footnotes":""},"class_list":["post-42","page","type-page","status-publish","hentry"],"yoast_head":"<!-- This site is optimized with the Yoast SEO plugin v27.2 - https:\/\/yoast.com\/product\/yoast-seo-wordpress\/ -->\n<title>Om - Pensionistmad.dk - en del af Olli&#039;s Diner<\/title>\n<meta name=\"robots\" content=\"index, follow, max-snippet:-1, max-image-preview:large, max-video-preview:-1\" \/>\n<link rel=\"canonical\" href=\"https:\/\/www.ollisdiner.dk\/index.php\/ollis-diner\/\" \/>\n<meta property=\"og:locale\" content=\"en_US\" \/>\n<meta property=\"og:type\" content=\"article\" \/>\n<meta property=\"og:title\" content=\"Om - Pensionistmad.dk - en del af Olli&#039;s Diner\" \/>\n<meta property=\"og:description\" content=\"Olli&#8217;s Diner Hos\u00a0Olli\u2019s Diner\u00a0anvender vi altid friske og gode r\u00e5varer, som giver dig den bedste oplevelse. Vi ved, hvor meget det betyder for dig, at b\u00e5de du og dine g\u00e6ster f\u00e5r den perfekte madoplevelse. Vi leverer til hele \u00d8stjylland, s\u00e5 skal du holde f\u00f8dselsdag, bryllup, reception, konfirmation eller noget helt andet, st\u00e5r vi gerne til [&hellip;]\" \/>\n<meta property=\"og:url\" content=\"https:\/\/www.ollisdiner.dk\/index.php\/ollis-diner\/\" \/>\n<meta property=\"og:site_name\" content=\"Pensionistmad.dk - en del af Olli&#039;s Diner\" \/>\n<meta property=\"article:modified_time\" content=\"2026-01-22T18:45:17+00:00\" \/>\n<meta property=\"og:image\" content=\"https:\/\/www.ollisdiner.dk\/wp-content\/uploads\/2020\/11\/menu.png\" \/>\n\t<meta property=\"og:image:width\" content=\"1141\" \/>\n\t<meta property=\"og:image:height\" content=\"666\" \/>\n\t<meta property=\"og:image:type\" content=\"image\/png\" \/>\n<meta name=\"twitter:card\" content=\"summary_large_image\" \/>\n<meta name=\"twitter:label1\" content=\"Est. reading time\" \/>\n\t<meta name=\"twitter:data1\" content=\"2 minutes\" \/>\n<script type=\"application\/ld+json\" class=\"yoast-schema-graph\">{\"@context\":\"https:\/\/schema.org\",\"@graph\":[{\"@type\":\"WebPage\",\"@id\":\"https:\/\/www.ollisdiner.dk\/index.php\/ollis-diner\/\",\"url\":\"https:\/\/www.ollisdiner.dk\/index.php\/ollis-diner\/\",\"name\":\"Om - Pensionistmad.dk - en del af Olli's Diner\",\"isPartOf\":{\"@id\":\"https:\/\/www.ollisdiner.dk\/#website\"},\"primaryImageOfPage\":{\"@id\":\"https:\/\/www.ollisdiner.dk\/index.php\/ollis-diner\/#primaryimage\"},\"image\":{\"@id\":\"https:\/\/www.ollisdiner.dk\/index.php\/ollis-diner\/#primaryimage\"},\"thumbnailUrl\":\"https:\/\/www.ollisdiner.dk\/wp-content\/uploads\/2020\/11\/menu-1024x598.png\",\"datePublished\":\"2020-11-26T07:33:26+00:00\",\"dateModified\":\"2026-01-22T18:45:17+00:00\",\"breadcrumb\":{\"@id\":\"https:\/\/www.ollisdiner.dk\/index.php\/ollis-diner\/#breadcrumb\"},\"inLanguage\":\"en\",\"potentialAction\":[{\"@type\":\"ReadAction\",\"target\":[\"https:\/\/www.ollisdiner.dk\/index.php\/ollis-diner\/\"]}]},{\"@type\":\"ImageObject\",\"inLanguage\":\"en\",\"@id\":\"https:\/\/www.ollisdiner.dk\/index.php\/ollis-diner\/#primaryimage\",\"url\":\"https:\/\/www.ollisdiner.dk\/wp-content\/uploads\/2020\/11\/menu.png\",\"contentUrl\":\"https:\/\/www.ollisdiner.dk\/wp-content\/uploads\/2020\/11\/menu.png\",\"width\":1141,\"height\":666},{\"@type\":\"BreadcrumbList\",\"@id\":\"https:\/\/www.ollisdiner.dk\/index.php\/ollis-diner\/#breadcrumb\",\"itemListElement\":[{\"@type\":\"ListItem\",\"position\":1,\"name\":\"Hjem\",\"item\":\"https:\/\/www.ollisdiner.dk\/\"},{\"@type\":\"ListItem\",\"position\":2,\"name\":\"Om\"}]},{\"@type\":\"WebSite\",\"@id\":\"https:\/\/www.ollisdiner.dk\/#website\",\"url\":\"https:\/\/www.ollisdiner.dk\/\",\"name\":\"Pensionistmad.dk - en del af Olli's Diner\",\"description\":\"Pensionistmad til d&oslash;ren\",\"publisher\":{\"@id\":\"https:\/\/www.ollisdiner.dk\/#organization\"},\"potentialAction\":[{\"@type\":\"SearchAction\",\"target\":{\"@type\":\"EntryPoint\",\"urlTemplate\":\"https:\/\/www.ollisdiner.dk\/?s={search_term_string}\"},\"query-input\":{\"@type\":\"PropertyValueSpecification\",\"valueRequired\":true,\"valueName\":\"search_term_string\"}}],\"inLanguage\":\"en\"},{\"@type\":\"Organization\",\"@id\":\"https:\/\/www.ollisdiner.dk\/#organization\",\"name\":\"Pensionistmad.dk - en del af Olli's Diner\",\"url\":\"https:\/\/www.ollisdiner.dk\/\",\"logo\":{\"@type\":\"ImageObject\",\"inLanguage\":\"en\",\"@id\":\"https:\/\/www.ollisdiner.dk\/#\/schema\/logo\/image\/\",\"url\":\"https:\/\/www.ollisdiner.dk\/wp-content\/uploads\/2023\/03\/cropped-Artboard-1_.png\",\"contentUrl\":\"https:\/\/www.ollisdiner.dk\/wp-content\/uploads\/2023\/03\/cropped-Artboard-1_.png\",\"width\":1069,\"height\":205,\"caption\":\"Pensionistmad.dk - en del af Olli's Diner\"},\"image\":{\"@id\":\"https:\/\/www.ollisdiner.dk\/#\/schema\/logo\/image\/\"}}]}<\/script>\n<!-- \/ Yoast SEO plugin. -->","yoast_head_json":{"title":"Om - Pensionistmad.dk - en del af Olli's Diner","robots":{"index":"index","follow":"follow","max-snippet":"max-snippet:-1","max-image-preview":"max-image-preview:large","max-video-preview":"max-video-preview:-1"},"canonical":"https:\/\/www.ollisdiner.dk\/index.php\/ollis-diner\/","og_locale":"en_US","og_type":"article","og_title":"Om - Pensionistmad.dk - en del af Olli's Diner","og_description":"Olli&#8217;s Diner Hos\u00a0Olli\u2019s Diner\u00a0anvender vi altid friske og gode r\u00e5varer, som giver dig den bedste oplevelse. Vi ved, hvor meget det betyder for dig, at b\u00e5de du og dine g\u00e6ster f\u00e5r den perfekte madoplevelse. Vi leverer til hele \u00d8stjylland, s\u00e5 skal du holde f\u00f8dselsdag, bryllup, reception, konfirmation eller noget helt andet, st\u00e5r vi gerne til [&hellip;]","og_url":"https:\/\/www.ollisdiner.dk\/index.php\/ollis-diner\/","og_site_name":"Pensionistmad.dk - en del af Olli's Diner","article_modified_time":"2026-01-22T18:45:17+00:00","og_image":[{"width":1141,"height":666,"url":"https:\/\/www.ollisdiner.dk\/wp-content\/uploads\/2020\/11\/menu.png","type":"image\/png"}],"twitter_card":"summary_large_image","twitter_misc":{"Est. reading time":"2 minutes"},"schema":{"@context":"https:\/\/schema.org","@graph":[{"@type":"WebPage","@id":"https:\/\/www.ollisdiner.dk\/index.php\/ollis-diner\/","url":"https:\/\/www.ollisdiner.dk\/index.php\/ollis-diner\/","name":"Om - Pensionistmad.dk - en del af Olli's Diner","isPartOf":{"@id":"https:\/\/www.ollisdiner.dk\/#website"},"primaryImageOfPage":{"@id":"https:\/\/www.ollisdiner.dk\/index.php\/ollis-diner\/#primaryimage"},"image":{"@id":"https:\/\/www.ollisdiner.dk\/index.php\/ollis-diner\/#primaryimage"},"thumbnailUrl":"https:\/\/www.ollisdiner.dk\/wp-content\/uploads\/2020\/11\/menu-1024x598.png","datePublished":"2020-11-26T07:33:26+00:00","dateModified":"2026-01-22T18:45:17+00:00","breadcrumb":{"@id":"https:\/\/www.ollisdiner.dk\/index.php\/ollis-diner\/#breadcrumb"},"inLanguage":"en","potentialAction":[{"@type":"ReadAction","target":["https:\/\/www.ollisdiner.dk\/index.php\/ollis-diner\/"]}]},{"@type":"ImageObject","inLanguage":"en","@id":"https:\/\/www.ollisdiner.dk\/index.php\/ollis-diner\/#primaryimage","url":"https:\/\/www.ollisdiner.dk\/wp-content\/uploads\/2020\/11\/menu.png","contentUrl":"https:\/\/www.ollisdiner.dk\/wp-content\/uploads\/2020\/11\/menu.png","width":1141,"height":666},{"@type":"BreadcrumbList","@id":"https:\/\/www.ollisdiner.dk\/index.php\/ollis-diner\/#breadcrumb","itemListElement":[{"@type":"ListItem","position":1,"name":"Hjem","item":"https:\/\/www.ollisdiner.dk\/"},{"@type":"ListItem","position":2,"name":"Om"}]},{"@type":"WebSite","@id":"https:\/\/www.ollisdiner.dk\/#website","url":"https:\/\/www.ollisdiner.dk\/","name":"Pensionistmad.dk - en del af Olli's Diner","description":"Pensionistmad til d&oslash;ren","publisher":{"@id":"https:\/\/www.ollisdiner.dk\/#organization"},"potentialAction":[{"@type":"SearchAction","target":{"@type":"EntryPoint","urlTemplate":"https:\/\/www.ollisdiner.dk\/?s={search_term_string}"},"query-input":{"@type":"PropertyValueSpecification","valueRequired":true,"valueName":"search_term_string"}}],"inLanguage":"en"},{"@type":"Organization","@id":"https:\/\/www.ollisdiner.dk\/#organization","name":"Pensionistmad.dk - en del af Olli's Diner","url":"https:\/\/www.ollisdiner.dk\/","logo":{"@type":"ImageObject","inLanguage":"en","@id":"https:\/\/www.ollisdiner.dk\/#\/schema\/logo\/image\/","url":"https:\/\/www.ollisdiner.dk\/wp-content\/uploads\/2023\/03\/cropped-Artboard-1_.png","contentUrl":"https:\/\/www.ollisdiner.dk\/wp-content\/uploads\/2023\/03\/cropped-Artboard-1_.png","width":1069,"height":205,"caption":"Pensionistmad.dk - en del af Olli's Diner"},"image":{"@id":"https:\/\/www.ollisdiner.dk\/#\/schema\/logo\/image\/"}}]}},"_links":{"self":[{"href":"https:\/\/www.ollisdiner.dk\/index.php\/wp-json\/wp\/v2\/pages\/42","targetHints":{"allow":["GET"]}}],"collection":[{"href":"https:\/\/www.ollisdiner.dk\/index.php\/wp-json\/wp\/v2\/pages"}],"about":[{"href":"https:\/\/www.ollisdiner.dk\/index.php\/wp-json\/wp\/v2\/types\/page"}],"author":[{"embeddable":true,"href":"https:\/\/www.ollisdiner.dk\/index.php\/wp-json\/wp\/v2\/users\/1"}],"replies":[{"embeddable":true,"href":"https:\/\/www.ollisdiner.dk\/index.php\/wp-json\/wp\/v2\/comments?post=42"}],"version-history":[{"count":67,"href":"https:\/\/www.ollisdiner.dk\/index.php\/wp-json\/wp\/v2\/pages\/42\/revisions"}],"predecessor-version":[{"id":3252,"href":"https:\/\/www.ollisdiner.dk\/index.php\/wp-json\/wp\/v2\/pages\/42\/revisions\/3252"}],"wp:attachment":[{"href":"https:\/\/www.ollisdiner.dk\/index.php\/wp-json\/wp\/v2\/media?parent=42"}],"curies":[{"name":"wp","href":"https:\/\/api.w.org\/{rel}","templated":true}]}}