{"id":362,"date":"2020-11-26T12:48:18","date_gmt":"2020-11-26T12:48:18","guid":{"rendered":"https:\/\/www.ollisdiner.dk\/?page_id=362"},"modified":"2025-03-13T16:40:28","modified_gmt":"2025-03-13T16:40:28","slug":"smoerrebroed","status":"publish","type":"page","link":"https:\/\/www.ollisdiner.dk\/index.php\/smoerrebroed\/","title":{"rendered":"Sm\u00f8rrebr\u00f8d"},"content":{"rendered":"\t\t<div data-elementor-type=\"wp-page\" data-elementor-id=\"362\" class=\"elementor elementor-362\">\n\t\t\t\t\t\t<section class=\"elementor-section elementor-top-section elementor-element elementor-element-206b2df5 elementor-section-height-min-height elementor-section-content-middle elementor-section-boxed elementor-section-height-default elementor-section-items-middle\" data-id=\"206b2df5\" data-element_type=\"section\" data-e-type=\"section\" data-settings=\"{&quot;background_background&quot;:&quot;classic&quot;}\">\n\t\t\t\t\t\t\t<div class=\"elementor-background-overlay\"><\/div>\n\t\t\t\t\t\t\t<div class=\"elementor-container elementor-column-gap-default\">\n\t\t\t\t\t<div class=\"elementor-column elementor-col-100 elementor-top-column elementor-element elementor-element-3ac114ae\" data-id=\"3ac114ae\" data-element_type=\"column\" data-e-type=\"column\">\n\t\t\t<div class=\"elementor-widget-wrap\">\n\t\t\t\t\t\t\t<\/div>\n\t\t<\/div>\n\t\t\t\t\t<\/div>\n\t\t<\/section>\n\t\t\t\t<section class=\"elementor-section elementor-top-section elementor-element elementor-element-97cfa48 elementor-section-boxed elementor-section-height-default elementor-section-height-default\" data-id=\"97cfa48\" data-element_type=\"section\" data-e-type=\"section\">\n\t\t\t\t\t\t<div class=\"elementor-container elementor-column-gap-default\">\n\t\t\t\t\t<div class=\"elementor-column elementor-col-33 elementor-top-column elementor-element elementor-element-0149066\" data-id=\"0149066\" data-element_type=\"column\" data-e-type=\"column\">\n\t\t\t<div class=\"elementor-widget-wrap elementor-element-populated\">\n\t\t\t\t\t\t<div class=\"elementor-element elementor-element-b7c7bfc elementor-widget elementor-widget-image\" data-id=\"b7c7bfc\" data-element_type=\"widget\" data-e-type=\"widget\" data-widget_type=\"image.default\">\n\t\t\t\t<div class=\"elementor-widget-container\">\n\t\t\t\t\t\t\t\t\t\t\t\t\t\t\t<img fetchpriority=\"high\" decoding=\"async\" width=\"768\" height=\"1024\" src=\"https:\/\/www.ollisdiner.dk\/wp-content\/uploads\/2021\/04\/IMG_5594-768x1024.jpeg\" class=\"attachment-large size-large wp-image-897\" alt=\"\" srcset=\"https:\/\/www.ollisdiner.dk\/wp-content\/uploads\/2021\/04\/IMG_5594-768x1024.jpeg 768w, https:\/\/www.ollisdiner.dk\/wp-content\/uploads\/2021\/04\/IMG_5594-225x300.jpeg 225w, https:\/\/www.ollisdiner.dk\/wp-content\/uploads\/2021\/04\/IMG_5594-1152x1536.jpeg 1152w, https:\/\/www.ollisdiner.dk\/wp-content\/uploads\/2021\/04\/IMG_5594-1536x2048.jpeg 1536w, https:\/\/www.ollisdiner.dk\/wp-content\/uploads\/2021\/04\/IMG_5594-scaled.jpeg 1920w\" sizes=\"(max-width: 768px) 100vw, 768px\" \/>\t\t\t\t\t\t\t\t\t\t\t\t\t\t\t<\/div>\n\t\t\t\t<\/div>\n\t\t\t\t\t<\/div>\n\t\t<\/div>\n\t\t\t\t<div class=\"elementor-column elementor-col-66 elementor-top-column elementor-element elementor-element-1ce7910\" data-id=\"1ce7910\" data-element_type=\"column\" data-e-type=\"column\">\n\t\t\t<div class=\"elementor-widget-wrap elementor-element-populated\">\n\t\t\t\t\t\t<div class=\"elementor-element elementor-element-ec8510b elementor-widget elementor-widget-heading\" data-id=\"ec8510b\" data-element_type=\"widget\" data-e-type=\"widget\" data-widget_type=\"heading.default\">\n\t\t\t\t<div class=\"elementor-widget-container\">\n\t\t\t\t\t<h2 class=\"elementor-heading-title elementor-size-default\">Sm\u00f8rrebr\u00f8d<\/h2>\t\t\t\t<\/div>\n\t\t\t\t<\/div>\n\t\t\t\t<div class=\"elementor-element elementor-element-f80ecee elementor-widget elementor-widget-text-editor\" data-id=\"f80ecee\" data-element_type=\"widget\" data-e-type=\"widget\" data-widget_type=\"text-editor.default\">\n\t\t\t\t<div class=\"elementor-widget-container\">\n\t\t\t\t\t\t\t\t\t<p>Priser er angivet pr. stk.<\/p>\t\t\t\t\t\t\t\t<\/div>\n\t\t\t\t<\/div>\n\t\t\t\t<div class=\"elementor-element elementor-element-56f5ee3 elementor-widget elementor-widget-price-list\" data-id=\"56f5ee3\" data-element_type=\"widget\" data-e-type=\"widget\" data-widget_type=\"price-list.default\">\n\t\t\t\t<div class=\"elementor-widget-container\">\n\t\t\t\t\t \t\t\t\t<\/div>\n\t\t\t\t<\/div>\n\t\t\t\t\t<\/div>\n\t\t<\/div>\n\t\t\t\t\t<\/div>\n\t\t<\/section>\n\t\t\t\t<section class=\"elementor-section elementor-top-section elementor-element elementor-element-cfbd270 elementor-section-boxed elementor-section-height-default elementor-section-height-default\" data-id=\"cfbd270\" data-element_type=\"section\" data-e-type=\"section\">\n\t\t\t\t\t\t<div class=\"elementor-container elementor-column-gap-default\">\n\t\t\t\t\t<div class=\"elementor-column elementor-col-66 elementor-top-column elementor-element elementor-element-7eae549\" data-id=\"7eae549\" data-element_type=\"column\" data-e-type=\"column\">\n\t\t\t<div class=\"elementor-widget-wrap elementor-element-populated\">\n\t\t\t\t\t\t<div class=\"elementor-element elementor-element-045e1b3 elementor-widget elementor-widget-heading\" data-id=\"045e1b3\" data-element_type=\"widget\" data-e-type=\"widget\" data-widget_type=\"heading.default\">\n\t\t\t\t<div class=\"elementor-widget-container\">\n\t\t\t\t\t<h2 class=\"elementor-heading-title elementor-size-default\">Luksus sm\u00f8rrebr\u00f8d<\/h2>\t\t\t\t<\/div>\n\t\t\t\t<\/div>\n\t\t\t\t<div class=\"elementor-element elementor-element-ec992f1 elementor-widget elementor-widget-text-editor\" data-id=\"ec992f1\" data-element_type=\"widget\" data-e-type=\"widget\" data-widget_type=\"text-editor.default\">\n\t\t\t\t<div class=\"elementor-widget-container\">\n\t\t\t\t\t\t\t\t\t<p>Priser er angivet pr. stk.<\/p>\t\t\t\t\t\t\t\t<\/div>\n\t\t\t\t<\/div>\n\t\t\t\t<div class=\"elementor-element elementor-element-b33d58b elementor-widget elementor-widget-price-list\" data-id=\"b33d58b\" data-element_type=\"widget\" data-e-type=\"widget\" data-widget_type=\"price-list.default\">\n\t\t\t\t<div class=\"elementor-widget-container\">\n\t\t\t\t\t \t\t\t\t<\/div>\n\t\t\t\t<\/div>\n\t\t\t\t\t<\/div>\n\t\t<\/div>\n\t\t\t\t<div class=\"elementor-column elementor-col-33 elementor-top-column elementor-element elementor-element-09f56ce\" data-id=\"09f56ce\" data-element_type=\"column\" data-e-type=\"column\">\n\t\t\t<div class=\"elementor-widget-wrap elementor-element-populated\">\n\t\t\t\t\t\t<div class=\"elementor-element elementor-element-f94b42b elementor-widget elementor-widget-image\" data-id=\"f94b42b\" data-element_type=\"widget\" data-e-type=\"widget\" data-widget_type=\"image.default\">\n\t\t\t\t<div class=\"elementor-widget-container\">\n\t\t\t\t\t\t\t\t\t\t\t\t\t\t\t<img decoding=\"async\" width=\"1707\" height=\"2560\" src=\"https:\/\/www.ollisdiner.dk\/wp-content\/uploads\/2020\/11\/DSC_0116-scaled.jpg\" class=\"attachment-full size-full wp-image-188\" alt=\"Olli&#039;s Diner\" srcset=\"https:\/\/www.ollisdiner.dk\/wp-content\/uploads\/2020\/11\/DSC_0116-scaled.jpg 1707w, https:\/\/www.ollisdiner.dk\/wp-content\/uploads\/2020\/11\/DSC_0116-200x300.jpg 200w, https:\/\/www.ollisdiner.dk\/wp-content\/uploads\/2020\/11\/DSC_0116-683x1024.jpg 683w, https:\/\/www.ollisdiner.dk\/wp-content\/uploads\/2020\/11\/DSC_0116-768x1152.jpg 768w, https:\/\/www.ollisdiner.dk\/wp-content\/uploads\/2020\/11\/DSC_0116-1024x1536.jpg 1024w, https:\/\/www.ollisdiner.dk\/wp-content\/uploads\/2020\/11\/DSC_0116-1365x2048.jpg 1365w\" sizes=\"(max-width: 1707px) 100vw, 1707px\" \/>\t\t\t\t\t\t\t\t\t\t\t\t\t\t\t<\/div>\n\t\t\t\t<\/div>\n\t\t\t\t\t<\/div>\n\t\t<\/div>\n\t\t\t\t\t<\/div>\n\t\t<\/section>\n\t\t\t\t<\/div>\n\t\t","protected":false},"excerpt":{"rendered":"<p>Sm\u00f8rrebr\u00f8d Priser er angivet pr. stk. \u00c6g og rejer 30,- \u00c6g og rejer pyntet med mayo og karse Dyrl\u00e6gens natmad 30,- Leverpostej med saltk\u00f8d, l\u00f8gringe og sky Rullep\u00f8lse 30,- Rullep\u00f8lse med r\u00f8dl\u00f8g og sky Spegep\u00f8lse 30,- Spegep\u00f8lse med remoulade og ristet l\u00f8g Leverpostej 30,- Leverpostej med r\u00f8dbede og champignon Skinke 30,- Skinke og italiensk salat [&hellip;]<\/p>\n","protected":false},"author":1,"featured_media":0,"parent":0,"menu_order":0,"comment_status":"closed","ping_status":"closed","template":"","meta":{"footnotes":""},"class_list":["post-362","page","type-page","status-publish","hentry"],"yoast_head":"<!-- This site is optimized with the Yoast SEO plugin v27.2 - https:\/\/yoast.com\/product\/yoast-seo-wordpress\/ -->\n<title>Sm\u00f8rrebr\u00f8d - Pensionistmad.dk - en del af Olli&#039;s Diner<\/title>\n<meta name=\"robots\" content=\"index, follow, max-snippet:-1, max-image-preview:large, max-video-preview:-1\" \/>\n<link rel=\"canonical\" href=\"https:\/\/www.ollisdiner.dk\/index.php\/smoerrebroed\/\" \/>\n<meta property=\"og:locale\" content=\"en_US\" \/>\n<meta property=\"og:type\" content=\"article\" \/>\n<meta property=\"og:title\" content=\"Sm\u00f8rrebr\u00f8d - Pensionistmad.dk - en del af Olli&#039;s Diner\" \/>\n<meta property=\"og:description\" content=\"Sm\u00f8rrebr\u00f8d Priser er angivet pr. stk. \u00c6g og rejer 30,- \u00c6g og rejer pyntet med mayo og karse Dyrl\u00e6gens natmad 30,- Leverpostej med saltk\u00f8d, l\u00f8gringe og sky Rullep\u00f8lse 30,- Rullep\u00f8lse med r\u00f8dl\u00f8g og sky Spegep\u00f8lse 30,- Spegep\u00f8lse med remoulade og ristet l\u00f8g Leverpostej 30,- Leverpostej med r\u00f8dbede og champignon Skinke 30,- Skinke og italiensk salat [&hellip;]\" \/>\n<meta property=\"og:url\" content=\"https:\/\/www.ollisdiner.dk\/index.php\/smoerrebroed\/\" \/>\n<meta property=\"og:site_name\" content=\"Pensionistmad.dk - en del af Olli&#039;s Diner\" \/>\n<meta property=\"article:modified_time\" content=\"2025-03-13T16:40:28+00:00\" \/>\n<meta property=\"og:image\" content=\"https:\/\/www.ollisdiner.dk\/wp-content\/uploads\/2021\/04\/IMG_5594-768x1024.jpeg\" \/>\n<meta name=\"twitter:card\" content=\"summary_large_image\" \/>\n<meta name=\"twitter:label1\" content=\"Est. reading time\" \/>\n\t<meta name=\"twitter:data1\" content=\"2 minutes\" \/>\n<script type=\"application\/ld+json\" class=\"yoast-schema-graph\">{\"@context\":\"https:\/\/schema.org\",\"@graph\":[{\"@type\":\"WebPage\",\"@id\":\"https:\/\/www.ollisdiner.dk\/index.php\/smoerrebroed\/\",\"url\":\"https:\/\/www.ollisdiner.dk\/index.php\/smoerrebroed\/\",\"name\":\"Sm\u00f8rrebr\u00f8d - Pensionistmad.dk - en del af Olli's Diner\",\"isPartOf\":{\"@id\":\"https:\/\/www.ollisdiner.dk\/#website\"},\"primaryImageOfPage\":{\"@id\":\"https:\/\/www.ollisdiner.dk\/index.php\/smoerrebroed\/#primaryimage\"},\"image\":{\"@id\":\"https:\/\/www.ollisdiner.dk\/index.php\/smoerrebroed\/#primaryimage\"},\"thumbnailUrl\":\"https:\/\/www.ollisdiner.dk\/wp-content\/uploads\/2021\/04\/IMG_5594-768x1024.jpeg\",\"datePublished\":\"2020-11-26T12:48:18+00:00\",\"dateModified\":\"2025-03-13T16:40:28+00:00\",\"breadcrumb\":{\"@id\":\"https:\/\/www.ollisdiner.dk\/index.php\/smoerrebroed\/#breadcrumb\"},\"inLanguage\":\"en\",\"potentialAction\":[{\"@type\":\"ReadAction\",\"target\":[\"https:\/\/www.ollisdiner.dk\/index.php\/smoerrebroed\/\"]}]},{\"@type\":\"ImageObject\",\"inLanguage\":\"en\",\"@id\":\"https:\/\/www.ollisdiner.dk\/index.php\/smoerrebroed\/#primaryimage\",\"url\":\"https:\/\/www.ollisdiner.dk\/wp-content\/uploads\/2021\/04\/IMG_5594-scaled.jpeg\",\"contentUrl\":\"https:\/\/www.ollisdiner.dk\/wp-content\/uploads\/2021\/04\/IMG_5594-scaled.jpeg\",\"width\":1920,\"height\":2560},{\"@type\":\"BreadcrumbList\",\"@id\":\"https:\/\/www.ollisdiner.dk\/index.php\/smoerrebroed\/#breadcrumb\",\"itemListElement\":[{\"@type\":\"ListItem\",\"position\":1,\"name\":\"Hjem\",\"item\":\"https:\/\/www.ollisdiner.dk\/\"},{\"@type\":\"ListItem\",\"position\":2,\"name\":\"Sm\u00f8rrebr\u00f8d\"}]},{\"@type\":\"WebSite\",\"@id\":\"https:\/\/www.ollisdiner.dk\/#website\",\"url\":\"https:\/\/www.ollisdiner.dk\/\",\"name\":\"Pensionistmad.dk - en del af Olli's Diner\",\"description\":\"Pensionistmad til d&oslash;ren\",\"publisher\":{\"@id\":\"https:\/\/www.ollisdiner.dk\/#organization\"},\"potentialAction\":[{\"@type\":\"SearchAction\",\"target\":{\"@type\":\"EntryPoint\",\"urlTemplate\":\"https:\/\/www.ollisdiner.dk\/?s={search_term_string}\"},\"query-input\":{\"@type\":\"PropertyValueSpecification\",\"valueRequired\":true,\"valueName\":\"search_term_string\"}}],\"inLanguage\":\"en\"},{\"@type\":\"Organization\",\"@id\":\"https:\/\/www.ollisdiner.dk\/#organization\",\"name\":\"Pensionistmad.dk - en del af Olli's Diner\",\"url\":\"https:\/\/www.ollisdiner.dk\/\",\"logo\":{\"@type\":\"ImageObject\",\"inLanguage\":\"en\",\"@id\":\"https:\/\/www.ollisdiner.dk\/#\/schema\/logo\/image\/\",\"url\":\"https:\/\/www.ollisdiner.dk\/wp-content\/uploads\/2023\/03\/cropped-Artboard-1_.png\",\"contentUrl\":\"https:\/\/www.ollisdiner.dk\/wp-content\/uploads\/2023\/03\/cropped-Artboard-1_.png\",\"width\":1069,\"height\":205,\"caption\":\"Pensionistmad.dk - en del af Olli's Diner\"},\"image\":{\"@id\":\"https:\/\/www.ollisdiner.dk\/#\/schema\/logo\/image\/\"}}]}<\/script>\n<!-- \/ Yoast SEO plugin. -->","yoast_head_json":{"title":"Sm\u00f8rrebr\u00f8d - Pensionistmad.dk - en del af Olli's Diner","robots":{"index":"index","follow":"follow","max-snippet":"max-snippet:-1","max-image-preview":"max-image-preview:large","max-video-preview":"max-video-preview:-1"},"canonical":"https:\/\/www.ollisdiner.dk\/index.php\/smoerrebroed\/","og_locale":"en_US","og_type":"article","og_title":"Sm\u00f8rrebr\u00f8d - Pensionistmad.dk - en del af Olli's Diner","og_description":"Sm\u00f8rrebr\u00f8d Priser er angivet pr. stk. \u00c6g og rejer 30,- \u00c6g og rejer pyntet med mayo og karse Dyrl\u00e6gens natmad 30,- Leverpostej med saltk\u00f8d, l\u00f8gringe og sky Rullep\u00f8lse 30,- Rullep\u00f8lse med r\u00f8dl\u00f8g og sky Spegep\u00f8lse 30,- Spegep\u00f8lse med remoulade og ristet l\u00f8g Leverpostej 30,- Leverpostej med r\u00f8dbede og champignon Skinke 30,- Skinke og italiensk salat [&hellip;]","og_url":"https:\/\/www.ollisdiner.dk\/index.php\/smoerrebroed\/","og_site_name":"Pensionistmad.dk - en del af Olli's Diner","article_modified_time":"2025-03-13T16:40:28+00:00","og_image":[{"url":"https:\/\/www.ollisdiner.dk\/wp-content\/uploads\/2021\/04\/IMG_5594-768x1024.jpeg","type":"","width":"","height":""}],"twitter_card":"summary_large_image","twitter_misc":{"Est. reading time":"2 minutes"},"schema":{"@context":"https:\/\/schema.org","@graph":[{"@type":"WebPage","@id":"https:\/\/www.ollisdiner.dk\/index.php\/smoerrebroed\/","url":"https:\/\/www.ollisdiner.dk\/index.php\/smoerrebroed\/","name":"Sm\u00f8rrebr\u00f8d - Pensionistmad.dk - en del af Olli's Diner","isPartOf":{"@id":"https:\/\/www.ollisdiner.dk\/#website"},"primaryImageOfPage":{"@id":"https:\/\/www.ollisdiner.dk\/index.php\/smoerrebroed\/#primaryimage"},"image":{"@id":"https:\/\/www.ollisdiner.dk\/index.php\/smoerrebroed\/#primaryimage"},"thumbnailUrl":"https:\/\/www.ollisdiner.dk\/wp-content\/uploads\/2021\/04\/IMG_5594-768x1024.jpeg","datePublished":"2020-11-26T12:48:18+00:00","dateModified":"2025-03-13T16:40:28+00:00","breadcrumb":{"@id":"https:\/\/www.ollisdiner.dk\/index.php\/smoerrebroed\/#breadcrumb"},"inLanguage":"en","potentialAction":[{"@type":"ReadAction","target":["https:\/\/www.ollisdiner.dk\/index.php\/smoerrebroed\/"]}]},{"@type":"ImageObject","inLanguage":"en","@id":"https:\/\/www.ollisdiner.dk\/index.php\/smoerrebroed\/#primaryimage","url":"https:\/\/www.ollisdiner.dk\/wp-content\/uploads\/2021\/04\/IMG_5594-scaled.jpeg","contentUrl":"https:\/\/www.ollisdiner.dk\/wp-content\/uploads\/2021\/04\/IMG_5594-scaled.jpeg","width":1920,"height":2560},{"@type":"BreadcrumbList","@id":"https:\/\/www.ollisdiner.dk\/index.php\/smoerrebroed\/#breadcrumb","itemListElement":[{"@type":"ListItem","position":1,"name":"Hjem","item":"https:\/\/www.ollisdiner.dk\/"},{"@type":"ListItem","position":2,"name":"Sm\u00f8rrebr\u00f8d"}]},{"@type":"WebSite","@id":"https:\/\/www.ollisdiner.dk\/#website","url":"https:\/\/www.ollisdiner.dk\/","name":"Pensionistmad.dk - en del af Olli's Diner","description":"Pensionistmad til d&oslash;ren","publisher":{"@id":"https:\/\/www.ollisdiner.dk\/#organization"},"potentialAction":[{"@type":"SearchAction","target":{"@type":"EntryPoint","urlTemplate":"https:\/\/www.ollisdiner.dk\/?s={search_term_string}"},"query-input":{"@type":"PropertyValueSpecification","valueRequired":true,"valueName":"search_term_string"}}],"inLanguage":"en"},{"@type":"Organization","@id":"https:\/\/www.ollisdiner.dk\/#organization","name":"Pensionistmad.dk - en del af Olli's Diner","url":"https:\/\/www.ollisdiner.dk\/","logo":{"@type":"ImageObject","inLanguage":"en","@id":"https:\/\/www.ollisdiner.dk\/#\/schema\/logo\/image\/","url":"https:\/\/www.ollisdiner.dk\/wp-content\/uploads\/2023\/03\/cropped-Artboard-1_.png","contentUrl":"https:\/\/www.ollisdiner.dk\/wp-content\/uploads\/2023\/03\/cropped-Artboard-1_.png","width":1069,"height":205,"caption":"Pensionistmad.dk - en del af Olli's Diner"},"image":{"@id":"https:\/\/www.ollisdiner.dk\/#\/schema\/logo\/image\/"}}]}},"_links":{"self":[{"href":"https:\/\/www.ollisdiner.dk\/index.php\/wp-json\/wp\/v2\/pages\/362","targetHints":{"allow":["GET"]}}],"collection":[{"href":"https:\/\/www.ollisdiner.dk\/index.php\/wp-json\/wp\/v2\/pages"}],"about":[{"href":"https:\/\/www.ollisdiner.dk\/index.php\/wp-json\/wp\/v2\/types\/page"}],"author":[{"embeddable":true,"href":"https:\/\/www.ollisdiner.dk\/index.php\/wp-json\/wp\/v2\/users\/1"}],"replies":[{"embeddable":true,"href":"https:\/\/www.ollisdiner.dk\/index.php\/wp-json\/wp\/v2\/comments?post=362"}],"version-history":[{"count":58,"href":"https:\/\/www.ollisdiner.dk\/index.php\/wp-json\/wp\/v2\/pages\/362\/revisions"}],"predecessor-version":[{"id":3050,"href":"https:\/\/www.ollisdiner.dk\/index.php\/wp-json\/wp\/v2\/pages\/362\/revisions\/3050"}],"wp:attachment":[{"href":"https:\/\/www.ollisdiner.dk\/index.php\/wp-json\/wp\/v2\/media?parent=362"}],"curies":[{"name":"wp","href":"https:\/\/api.w.org\/{rel}","templated":true}]}}