{"id":357,"date":"2020-11-26T12:45:49","date_gmt":"2020-11-26T12:45:49","guid":{"rendered":"https:\/\/www.ollisdiner.dk\/?page_id=357"},"modified":"2024-02-27T19:00:57","modified_gmt":"2024-02-27T19:00:57","slug":"trekant-sandwich","status":"publish","type":"page","link":"https:\/\/www.ollisdiner.dk\/index.php\/trekant-sandwich\/","title":{"rendered":"Trekant sandwich"},"content":{"rendered":"\t\t<div data-elementor-type=\"wp-page\" data-elementor-id=\"357\" class=\"elementor elementor-357\">\n\t\t\t\t\t\t<section class=\"elementor-section elementor-top-section elementor-element elementor-element-4ccb6d32 elementor-section-height-min-height elementor-section-content-middle elementor-section-boxed elementor-section-height-default elementor-section-items-middle\" data-id=\"4ccb6d32\" data-element_type=\"section\" data-e-type=\"section\" data-settings=\"{&quot;background_background&quot;:&quot;classic&quot;}\">\n\t\t\t\t\t\t\t<div class=\"elementor-background-overlay\"><\/div>\n\t\t\t\t\t\t\t<div class=\"elementor-container elementor-column-gap-default\">\n\t\t\t\t\t<div class=\"elementor-column elementor-col-100 elementor-top-column elementor-element elementor-element-884d5de\" data-id=\"884d5de\" data-element_type=\"column\" data-e-type=\"column\">\n\t\t\t<div class=\"elementor-widget-wrap\">\n\t\t\t\t\t\t\t<\/div>\n\t\t<\/div>\n\t\t\t\t\t<\/div>\n\t\t<\/section>\n\t\t\t\t<section class=\"elementor-section elementor-top-section elementor-element elementor-element-0ff5be8 elementor-section-boxed elementor-section-height-default elementor-section-height-default\" data-id=\"0ff5be8\" data-element_type=\"section\" data-e-type=\"section\">\n\t\t\t\t\t\t<div class=\"elementor-container elementor-column-gap-default\">\n\t\t\t\t\t<div class=\"elementor-column elementor-col-33 elementor-top-column elementor-element elementor-element-8de7ae4\" data-id=\"8de7ae4\" data-element_type=\"column\" data-e-type=\"column\">\n\t\t\t<div class=\"elementor-widget-wrap elementor-element-populated\">\n\t\t\t\t\t\t<div class=\"elementor-element elementor-element-3170a5c elementor-widget elementor-widget-image\" data-id=\"3170a5c\" data-element_type=\"widget\" data-e-type=\"widget\" data-widget_type=\"image.default\">\n\t\t\t\t<div class=\"elementor-widget-container\">\n\t\t\t\t\t\t\t\t\t\t\t\t\t\t\t<img fetchpriority=\"high\" decoding=\"async\" width=\"1700\" height=\"2560\" src=\"https:\/\/www.ollisdiner.dk\/wp-content\/uploads\/2020\/11\/toast-sandwich-with-sausage-P2TH4XP-scaled.jpg\" class=\"attachment-full size-full wp-image-395\" alt=\"\" srcset=\"https:\/\/www.ollisdiner.dk\/wp-content\/uploads\/2020\/11\/toast-sandwich-with-sausage-P2TH4XP-scaled.jpg 1700w, https:\/\/www.ollisdiner.dk\/wp-content\/uploads\/2020\/11\/toast-sandwich-with-sausage-P2TH4XP-199x300.jpg 199w, https:\/\/www.ollisdiner.dk\/wp-content\/uploads\/2020\/11\/toast-sandwich-with-sausage-P2TH4XP-680x1024.jpg 680w, https:\/\/www.ollisdiner.dk\/wp-content\/uploads\/2020\/11\/toast-sandwich-with-sausage-P2TH4XP-768x1156.jpg 768w, https:\/\/www.ollisdiner.dk\/wp-content\/uploads\/2020\/11\/toast-sandwich-with-sausage-P2TH4XP-1020x1536.jpg 1020w, https:\/\/www.ollisdiner.dk\/wp-content\/uploads\/2020\/11\/toast-sandwich-with-sausage-P2TH4XP-1360x2048.jpg 1360w\" sizes=\"(max-width: 1700px) 100vw, 1700px\" \/>\t\t\t\t\t\t\t\t\t\t\t\t\t\t\t<\/div>\n\t\t\t\t<\/div>\n\t\t\t\t\t<\/div>\n\t\t<\/div>\n\t\t\t\t<div class=\"elementor-column elementor-col-66 elementor-top-column elementor-element elementor-element-8ef7e29\" data-id=\"8ef7e29\" data-element_type=\"column\" data-e-type=\"column\">\n\t\t\t<div class=\"elementor-widget-wrap elementor-element-populated\">\n\t\t\t\t\t\t<div class=\"elementor-element elementor-element-02e2311 elementor-widget elementor-widget-heading\" data-id=\"02e2311\" data-element_type=\"widget\" data-e-type=\"widget\" data-widget_type=\"heading.default\">\n\t\t\t\t<div class=\"elementor-widget-container\">\n\t\t\t\t\t<h2 class=\"elementor-heading-title elementor-size-default\">Trekant sandwich<\/h2>\t\t\t\t<\/div>\n\t\t\t\t<\/div>\n\t\t\t\t<div class=\"elementor-element elementor-element-fa9d415 elementor-widget elementor-widget-text-editor\" data-id=\"fa9d415\" data-element_type=\"widget\" data-e-type=\"widget\" data-widget_type=\"text-editor.default\">\n\t\t\t\t<div class=\"elementor-widget-container\">\n\t\t\t\t\t\t\t\t\t<p>Priser er angivet pr. stk.<\/p>\t\t\t\t\t\t\t\t<\/div>\n\t\t\t\t<\/div>\n\t\t\t\t<div class=\"elementor-element elementor-element-948838d elementor-widget elementor-widget-price-list\" data-id=\"948838d\" data-element_type=\"widget\" data-e-type=\"widget\" data-widget_type=\"price-list.default\">\n\t\t\t\t<div class=\"elementor-widget-container\">\n\t\t\t\t\t \t\t\t\t<\/div>\n\t\t\t\t<\/div>\n\t\t\t\t\t<\/div>\n\t\t<\/div>\n\t\t\t\t\t<\/div>\n\t\t<\/section>\n\t\t\t\t<section class=\"elementor-section elementor-top-section elementor-element elementor-element-21ad2fe elementor-section-boxed elementor-section-height-default elementor-section-height-default\" data-id=\"21ad2fe\" data-element_type=\"section\" data-e-type=\"section\">\n\t\t\t\t\t\t<div class=\"elementor-container elementor-column-gap-default\">\n\t\t\t\t\t<div class=\"elementor-column elementor-col-100 elementor-top-column elementor-element elementor-element-b4bd023\" data-id=\"b4bd023\" data-element_type=\"column\" data-e-type=\"column\">\n\t\t\t<div class=\"elementor-widget-wrap elementor-element-populated\">\n\t\t\t\t\t\t<div class=\"elementor-element elementor-element-fa69f5e elementor-widget elementor-widget-heading\" data-id=\"fa69f5e\" data-element_type=\"widget\" data-e-type=\"widget\" data-widget_type=\"heading.default\">\n\t\t\t\t<div class=\"elementor-widget-container\">\n\t\t\t\t\t<h2 class=\"elementor-heading-title elementor-size-default\">Bestil sm\u00f8rrebr\u00f8d hos Olli's Diner<\/h2>\t\t\t\t<\/div>\n\t\t\t\t<\/div>\n\t\t\t\t<div class=\"elementor-element elementor-element-139ba1c elementor-widget elementor-widget-text-editor\" data-id=\"139ba1c\" data-element_type=\"widget\" data-e-type=\"widget\" data-widget_type=\"text-editor.default\">\n\t\t\t\t<div class=\"elementor-widget-container\">\n\t\t\t\t\t\t\t\t\t<p>\u00d8nsker du at bestille menu hos Olli&#8217;s Diner, s\u00e5 kontakt mig p\u00e5\u00a0<br \/><span style=\"font-family: var( --e-global-typography-8d6bb13-font-family ), Sans-serif; font-size: var( --e-global-typography-8d6bb13-font-size ); font-weight: var( --e-global-typography-8d6bb13-font-weight ); letter-spacing: var( --e-global-typography-8d6bb13-letter-spacing );\">telefon eller mail med dine \u00f8nsker.<\/span><\/p><p>Telefon: 25 21 11 29<br \/>Mail: <a href=\"mailto:kontakt@ollisdiner.dk\">kontakt@ollisdiner.dk<\/a><\/p>\t\t\t\t\t\t\t\t<\/div>\n\t\t\t\t<\/div>\n\t\t\t\t\t<\/div>\n\t\t<\/div>\n\t\t\t\t\t<\/div>\n\t\t<\/section>\n\t\t\t\t<\/div>\n\t\t","protected":false},"excerpt":{"rendered":"<p>Trekant sandwich Priser er angivet pr. stk. H\u00f8nsesalat 30,- H\u00f8nsesalat med bacon Svampepat\u00e9 30,- Svampepat\u00e9 med peberfrugt skinke og ost 30,- Sandwich med skinke og ost Tunsalat 30,- Tunsalat med r\u00f8dl\u00f8g Kylling og bacon 30,- Kylling og bacon med karrydressing Bestil sm\u00f8rrebr\u00f8d hos Olli&#8217;s Diner \u00d8nsker du at bestille menu hos Olli&#8217;s Diner, s\u00e5 kontakt [&hellip;]<\/p>\n","protected":false},"author":1,"featured_media":0,"parent":0,"menu_order":0,"comment_status":"closed","ping_status":"closed","template":"","meta":{"footnotes":""},"class_list":["post-357","page","type-page","status-publish","hentry"],"yoast_head":"<!-- This site is optimized with the Yoast SEO plugin v27.2 - https:\/\/yoast.com\/product\/yoast-seo-wordpress\/ -->\n<title>Trekant sandwich - Pensionistmad.dk - en del af Olli&#039;s Diner<\/title>\n<meta name=\"robots\" content=\"index, follow, max-snippet:-1, max-image-preview:large, max-video-preview:-1\" \/>\n<link rel=\"canonical\" href=\"https:\/\/www.ollisdiner.dk\/index.php\/trekant-sandwich\/\" \/>\n<meta property=\"og:locale\" content=\"en_US\" \/>\n<meta property=\"og:type\" content=\"article\" \/>\n<meta property=\"og:title\" content=\"Trekant sandwich - Pensionistmad.dk - en del af Olli&#039;s Diner\" \/>\n<meta property=\"og:description\" content=\"Trekant sandwich Priser er angivet pr. stk. H\u00f8nsesalat 30,- H\u00f8nsesalat med bacon Svampepat\u00e9 30,- Svampepat\u00e9 med peberfrugt skinke og ost 30,- Sandwich med skinke og ost Tunsalat 30,- Tunsalat med r\u00f8dl\u00f8g Kylling og bacon 30,- Kylling og bacon med karrydressing Bestil sm\u00f8rrebr\u00f8d hos Olli&#8217;s Diner \u00d8nsker du at bestille menu hos Olli&#8217;s Diner, s\u00e5 kontakt [&hellip;]\" \/>\n<meta property=\"og:url\" content=\"https:\/\/www.ollisdiner.dk\/index.php\/trekant-sandwich\/\" \/>\n<meta property=\"og:site_name\" content=\"Pensionistmad.dk - en del af Olli&#039;s Diner\" \/>\n<meta property=\"article:modified_time\" content=\"2024-02-27T19:00:57+00:00\" \/>\n<meta property=\"og:image\" content=\"https:\/\/www.ollisdiner.dk\/wp-content\/uploads\/2020\/11\/toast-sandwich-with-sausage-P2TH4XP-scaled.jpg\" \/>\n<meta name=\"twitter:card\" content=\"summary_large_image\" \/>\n<meta name=\"twitter:label1\" content=\"Est. reading time\" \/>\n\t<meta name=\"twitter:data1\" content=\"1 minute\" \/>\n<script type=\"application\/ld+json\" class=\"yoast-schema-graph\">{\"@context\":\"https:\/\/schema.org\",\"@graph\":[{\"@type\":\"WebPage\",\"@id\":\"https:\/\/www.ollisdiner.dk\/index.php\/trekant-sandwich\/\",\"url\":\"https:\/\/www.ollisdiner.dk\/index.php\/trekant-sandwich\/\",\"name\":\"Trekant sandwich - Pensionistmad.dk - en del af Olli's Diner\",\"isPartOf\":{\"@id\":\"https:\/\/www.ollisdiner.dk\/#website\"},\"primaryImageOfPage\":{\"@id\":\"https:\/\/www.ollisdiner.dk\/index.php\/trekant-sandwich\/#primaryimage\"},\"image\":{\"@id\":\"https:\/\/www.ollisdiner.dk\/index.php\/trekant-sandwich\/#primaryimage\"},\"thumbnailUrl\":\"https:\/\/www.ollisdiner.dk\/wp-content\/uploads\/2020\/11\/toast-sandwich-with-sausage-P2TH4XP-scaled.jpg\",\"datePublished\":\"2020-11-26T12:45:49+00:00\",\"dateModified\":\"2024-02-27T19:00:57+00:00\",\"breadcrumb\":{\"@id\":\"https:\/\/www.ollisdiner.dk\/index.php\/trekant-sandwich\/#breadcrumb\"},\"inLanguage\":\"en\",\"potentialAction\":[{\"@type\":\"ReadAction\",\"target\":[\"https:\/\/www.ollisdiner.dk\/index.php\/trekant-sandwich\/\"]}]},{\"@type\":\"ImageObject\",\"inLanguage\":\"en\",\"@id\":\"https:\/\/www.ollisdiner.dk\/index.php\/trekant-sandwich\/#primaryimage\",\"url\":\"https:\/\/www.ollisdiner.dk\/wp-content\/uploads\/2020\/11\/toast-sandwich-with-sausage-P2TH4XP-scaled.jpg\",\"contentUrl\":\"https:\/\/www.ollisdiner.dk\/wp-content\/uploads\/2020\/11\/toast-sandwich-with-sausage-P2TH4XP-scaled.jpg\",\"width\":1700,\"height\":2560,\"caption\":\"Club sandwich with sausage on a white plate on a white background wooden\"},{\"@type\":\"BreadcrumbList\",\"@id\":\"https:\/\/www.ollisdiner.dk\/index.php\/trekant-sandwich\/#breadcrumb\",\"itemListElement\":[{\"@type\":\"ListItem\",\"position\":1,\"name\":\"Hjem\",\"item\":\"https:\/\/www.ollisdiner.dk\/\"},{\"@type\":\"ListItem\",\"position\":2,\"name\":\"Trekant sandwich\"}]},{\"@type\":\"WebSite\",\"@id\":\"https:\/\/www.ollisdiner.dk\/#website\",\"url\":\"https:\/\/www.ollisdiner.dk\/\",\"name\":\"Pensionistmad.dk - en del af Olli's Diner\",\"description\":\"Pensionistmad til d&oslash;ren\",\"publisher\":{\"@id\":\"https:\/\/www.ollisdiner.dk\/#organization\"},\"potentialAction\":[{\"@type\":\"SearchAction\",\"target\":{\"@type\":\"EntryPoint\",\"urlTemplate\":\"https:\/\/www.ollisdiner.dk\/?s={search_term_string}\"},\"query-input\":{\"@type\":\"PropertyValueSpecification\",\"valueRequired\":true,\"valueName\":\"search_term_string\"}}],\"inLanguage\":\"en\"},{\"@type\":\"Organization\",\"@id\":\"https:\/\/www.ollisdiner.dk\/#organization\",\"name\":\"Pensionistmad.dk - en del af Olli's Diner\",\"url\":\"https:\/\/www.ollisdiner.dk\/\",\"logo\":{\"@type\":\"ImageObject\",\"inLanguage\":\"en\",\"@id\":\"https:\/\/www.ollisdiner.dk\/#\/schema\/logo\/image\/\",\"url\":\"https:\/\/www.ollisdiner.dk\/wp-content\/uploads\/2023\/03\/cropped-Artboard-1_.png\",\"contentUrl\":\"https:\/\/www.ollisdiner.dk\/wp-content\/uploads\/2023\/03\/cropped-Artboard-1_.png\",\"width\":1069,\"height\":205,\"caption\":\"Pensionistmad.dk - en del af Olli's Diner\"},\"image\":{\"@id\":\"https:\/\/www.ollisdiner.dk\/#\/schema\/logo\/image\/\"}}]}<\/script>\n<!-- \/ Yoast SEO plugin. -->","yoast_head_json":{"title":"Trekant sandwich - Pensionistmad.dk - en del af Olli's Diner","robots":{"index":"index","follow":"follow","max-snippet":"max-snippet:-1","max-image-preview":"max-image-preview:large","max-video-preview":"max-video-preview:-1"},"canonical":"https:\/\/www.ollisdiner.dk\/index.php\/trekant-sandwich\/","og_locale":"en_US","og_type":"article","og_title":"Trekant sandwich - Pensionistmad.dk - en del af Olli's Diner","og_description":"Trekant sandwich Priser er angivet pr. stk. H\u00f8nsesalat 30,- H\u00f8nsesalat med bacon Svampepat\u00e9 30,- Svampepat\u00e9 med peberfrugt skinke og ost 30,- Sandwich med skinke og ost Tunsalat 30,- Tunsalat med r\u00f8dl\u00f8g Kylling og bacon 30,- Kylling og bacon med karrydressing Bestil sm\u00f8rrebr\u00f8d hos Olli&#8217;s Diner \u00d8nsker du at bestille menu hos Olli&#8217;s Diner, s\u00e5 kontakt [&hellip;]","og_url":"https:\/\/www.ollisdiner.dk\/index.php\/trekant-sandwich\/","og_site_name":"Pensionistmad.dk - en del af Olli's Diner","article_modified_time":"2024-02-27T19:00:57+00:00","og_image":[{"url":"https:\/\/www.ollisdiner.dk\/wp-content\/uploads\/2020\/11\/toast-sandwich-with-sausage-P2TH4XP-scaled.jpg","type":"","width":"","height":""}],"twitter_card":"summary_large_image","twitter_misc":{"Est. reading time":"1 minute"},"schema":{"@context":"https:\/\/schema.org","@graph":[{"@type":"WebPage","@id":"https:\/\/www.ollisdiner.dk\/index.php\/trekant-sandwich\/","url":"https:\/\/www.ollisdiner.dk\/index.php\/trekant-sandwich\/","name":"Trekant sandwich - Pensionistmad.dk - en del af Olli's Diner","isPartOf":{"@id":"https:\/\/www.ollisdiner.dk\/#website"},"primaryImageOfPage":{"@id":"https:\/\/www.ollisdiner.dk\/index.php\/trekant-sandwich\/#primaryimage"},"image":{"@id":"https:\/\/www.ollisdiner.dk\/index.php\/trekant-sandwich\/#primaryimage"},"thumbnailUrl":"https:\/\/www.ollisdiner.dk\/wp-content\/uploads\/2020\/11\/toast-sandwich-with-sausage-P2TH4XP-scaled.jpg","datePublished":"2020-11-26T12:45:49+00:00","dateModified":"2024-02-27T19:00:57+00:00","breadcrumb":{"@id":"https:\/\/www.ollisdiner.dk\/index.php\/trekant-sandwich\/#breadcrumb"},"inLanguage":"en","potentialAction":[{"@type":"ReadAction","target":["https:\/\/www.ollisdiner.dk\/index.php\/trekant-sandwich\/"]}]},{"@type":"ImageObject","inLanguage":"en","@id":"https:\/\/www.ollisdiner.dk\/index.php\/trekant-sandwich\/#primaryimage","url":"https:\/\/www.ollisdiner.dk\/wp-content\/uploads\/2020\/11\/toast-sandwich-with-sausage-P2TH4XP-scaled.jpg","contentUrl":"https:\/\/www.ollisdiner.dk\/wp-content\/uploads\/2020\/11\/toast-sandwich-with-sausage-P2TH4XP-scaled.jpg","width":1700,"height":2560,"caption":"Club sandwich with sausage on a white plate on a white background wooden"},{"@type":"BreadcrumbList","@id":"https:\/\/www.ollisdiner.dk\/index.php\/trekant-sandwich\/#breadcrumb","itemListElement":[{"@type":"ListItem","position":1,"name":"Hjem","item":"https:\/\/www.ollisdiner.dk\/"},{"@type":"ListItem","position":2,"name":"Trekant sandwich"}]},{"@type":"WebSite","@id":"https:\/\/www.ollisdiner.dk\/#website","url":"https:\/\/www.ollisdiner.dk\/","name":"Pensionistmad.dk - en del af Olli's Diner","description":"Pensionistmad til d&oslash;ren","publisher":{"@id":"https:\/\/www.ollisdiner.dk\/#organization"},"potentialAction":[{"@type":"SearchAction","target":{"@type":"EntryPoint","urlTemplate":"https:\/\/www.ollisdiner.dk\/?s={search_term_string}"},"query-input":{"@type":"PropertyValueSpecification","valueRequired":true,"valueName":"search_term_string"}}],"inLanguage":"en"},{"@type":"Organization","@id":"https:\/\/www.ollisdiner.dk\/#organization","name":"Pensionistmad.dk - en del af Olli's Diner","url":"https:\/\/www.ollisdiner.dk\/","logo":{"@type":"ImageObject","inLanguage":"en","@id":"https:\/\/www.ollisdiner.dk\/#\/schema\/logo\/image\/","url":"https:\/\/www.ollisdiner.dk\/wp-content\/uploads\/2023\/03\/cropped-Artboard-1_.png","contentUrl":"https:\/\/www.ollisdiner.dk\/wp-content\/uploads\/2023\/03\/cropped-Artboard-1_.png","width":1069,"height":205,"caption":"Pensionistmad.dk - en del af Olli's Diner"},"image":{"@id":"https:\/\/www.ollisdiner.dk\/#\/schema\/logo\/image\/"}}]}},"_links":{"self":[{"href":"https:\/\/www.ollisdiner.dk\/index.php\/wp-json\/wp\/v2\/pages\/357","targetHints":{"allow":["GET"]}}],"collection":[{"href":"https:\/\/www.ollisdiner.dk\/index.php\/wp-json\/wp\/v2\/pages"}],"about":[{"href":"https:\/\/www.ollisdiner.dk\/index.php\/wp-json\/wp\/v2\/types\/page"}],"author":[{"embeddable":true,"href":"https:\/\/www.ollisdiner.dk\/index.php\/wp-json\/wp\/v2\/users\/1"}],"replies":[{"embeddable":true,"href":"https:\/\/www.ollisdiner.dk\/index.php\/wp-json\/wp\/v2\/comments?post=357"}],"version-history":[{"count":67,"href":"https:\/\/www.ollisdiner.dk\/index.php\/wp-json\/wp\/v2\/pages\/357\/revisions"}],"predecessor-version":[{"id":2850,"href":"https:\/\/www.ollisdiner.dk\/index.php\/wp-json\/wp\/v2\/pages\/357\/revisions\/2850"}],"wp:attachment":[{"href":"https:\/\/www.ollisdiner.dk\/index.php\/wp-json\/wp\/v2\/media?parent=357"}],"curies":[{"name":"wp","href":"https:\/\/api.w.org\/{rel}","templated":true}]}}