{"id":3,"date":"2020-11-26T08:18:17","date_gmt":"2020-11-26T08:18:17","guid":{"rendered":"https:\/\/www.ollisdiner.dk\/?page_id=3"},"modified":"2020-11-28T13:04:25","modified_gmt":"2020-11-28T13:04:25","slug":"privacy-policy","status":"publish","type":"page","link":"https:\/\/www.ollisdiner.dk\/index.php\/privacy-policy\/","title":{"rendered":"Privacy Policy"},"content":{"rendered":"\t\t<div data-elementor-type=\"wp-page\" data-elementor-id=\"3\" class=\"elementor elementor-3\">\n\t\t\t\t\t\t<section class=\"elementor-section elementor-top-section elementor-element elementor-element-348df499 elementor-section-boxed elementor-section-height-default elementor-section-height-default\" data-id=\"348df499\" data-element_type=\"section\" data-e-type=\"section\">\n\t\t\t\t\t\t<div class=\"elementor-container elementor-column-gap-default\">\n\t\t\t\t\t<div class=\"elementor-column elementor-col-100 elementor-top-column elementor-element elementor-element-1596c670\" data-id=\"1596c670\" data-element_type=\"column\" data-e-type=\"column\">\n\t\t\t<div class=\"elementor-widget-wrap elementor-element-populated\">\n\t\t\t\t\t\t<div class=\"elementor-element elementor-element-cf326ed elementor-widget elementor-widget-heading\" data-id=\"cf326ed\" data-element_type=\"widget\" data-e-type=\"widget\" data-widget_type=\"heading.default\">\n\t\t\t\t<div class=\"elementor-widget-container\">\n\t\t\t\t\t<h2 class=\"elementor-heading-title elementor-size-default\">Cookie- og Privatlivspolitik<\/h2>\t\t\t\t<\/div>\n\t\t\t\t<\/div>\n\t\t\t\t<div class=\"elementor-element elementor-element-fdf26b0 elementor-widget elementor-widget-text-editor\" data-id=\"fdf26b0\" data-element_type=\"widget\" data-e-type=\"widget\" data-widget_type=\"text-editor.default\">\n\t\t\t\t<div class=\"elementor-widget-container\">\n\t\t\t\t\t\t\t\t\t<p><strong>COOKIE- OG PRIVATLIVSPOLITIK HOS OLLI&#8217;S DINER<\/strong><\/p><p><strong>Introduktion<\/strong><br \/>N\u00e5r du bes\u00f8ger vores website bliver der indsamlet oplysninger om dig, som bliver brugt til at tilpasse og forbedre vores indhold og til at skabe mere v\u00e6rdi hos de annoncer, der vises p\u00e5 siden. Hvis du ikke \u00f8nsker, at der bliver indsamlet oplysninger om dig, b\u00f8r du slette dine cookies og undlade videre brug af hjemmesiden. I de nedenst\u00e5ende afsnit har vi uddybet, hvad det er for informationer, der indsamles, deres form\u00e5l og hvilke tredjeparter, der har adgang til dem.<\/p><p><strong>Cookies<\/strong><br \/>Hjemmesiden anvender &#8220;cookies&#8221;, som er en tekstfil, der gemmes p\u00e5 din computer, mobil el. tilsvarende med form\u00e5let at genkende den, huske indstillinger, udf\u00f8re statistik og m\u00e5lrette annoncer. Cookies kan dog ikke indeholde skadelig kode som fx. virus.<br \/>Det er muligt for dig at slette eller blokere for cookies. Det kan du g\u00f8re ved at f\u00f8lge denne vejledning: <a href=\"http:\/\/minecookies.org\/cookiehandtering\">http:\/\/minecookies.org\/cookiehandtering<\/a><br \/>Hvis du f\u00f8lger vejledningen og sletter eller blokerer cookies, s\u00e5 vil de annoncer du ser kun blive mindre relevante for dig, mens de vil optr\u00e6de hyppigere. Du kan samtidig ogs\u00e5 risikere, at hjemmesiden ikke fungerer optimalt, samt at der er indhold, som du ikke kan f\u00e5 adgang til.<\/p><p><strong>Tredjepartscookies<\/strong><\/p><p><em>Google Analytics<\/em><br \/>Vi laver analyser for at m\u00e5le, hvordan vores hjemmeside klarer sig, ved bl.a. at genkende og t\u00e6lle antallet af bes\u00f8gene p\u00e5 vores hjemmeside. Ligeledes for at se hvilke sider p\u00e5 vores hjemmeside der f\u00e5r mest interesse hos vores kunder. I den forbindelse kan vi indsamle information fra din computer, mobil, tablet m.v., for f.eks. at finde ud af hvilken browser og sk\u00e6rmopl\u00f8sning, samt information om internetforbindelse s\u00e5som din IP adresse.<br \/>Vi registrerer ogs\u00e5 hvorfra i kom til vores hjemmeside og bl.a. ogs\u00e5 hvor lang tid i bruger p\u00e5 vores hjemmeside. Disse informationer vi f\u00e5r fra dig, kan ikke forbindes direkte til dig.<\/p><p><em>Youtube<br \/><\/em>Aktiveres ved visning af indlejret YouTube video p\u00e5 Ollis Diner. Form\u00e5let med dette er at tillade at kunne se hvor mange gange videoen er bliver set.<\/p><p><strong>PERSONOPLYSNINGER<\/strong><\/p><p><strong>Generelt<\/strong><br \/>Personoplysninger er alle former for informationer, som i et eller andet omfang kan henf\u00f8res til dig. N\u00e5r du benytter vores website, s\u00e5 indsamler og behandler vi en r\u00e6kke af s\u00e5danne informationer.\u00a0<\/p><p>Vi indsamler og behandler typisk f\u00f8lgende slags oplysninger: Et unikt ID og tekniske oplysninger om din computer, tablet eller mobiltelefon, dit IP-nummer, geografisk placering, samt hvilke sider du klikker p\u00e5. I det omfang du selv giver eksplicit samtykke og selv indtaster informationerne, behandler vi desuden: Navn, telefonnummer, e-mail og adresse. Det sker typisk i forbindelse med, at du skriver en besked til os her p\u00e5 siden.<\/p><p><strong>Sikkerhed<\/strong><br \/>Vi behandler dine personoplysninger sikkert og fortroligt i overensstemmelse med g\u00e6ldende lovgivning, herunder persondataforordningen og databeskyttelsesloven.<br \/>Dine oplysninger vil alene blive anvendt til det form\u00e5l, de er indsamlet til og vil blive slettet, n\u00e5r dette form\u00e5l er opfyldt eller ikke l\u00e6ngere er relevant.<br \/>Vi har truffet tekniske og organisatoriske foranstaltninger mod, at dine oplysninger h\u00e6ndeligt eller ulovligt bliver slettet, offentliggjort, fortabt, forringet eller kommer til uvedkommendes kendskab, misbruges eller i \u00f8vrigt behandles i strid med lovgivningen.<\/p><p><strong>Form\u00e5l<\/strong><br \/>Oplysningerne bruges til at identificere dig som bruger og vise dig de annoncer, som vil have mest relevans for dig. Derudover anvender vi oplysningerne til at optimere og forbedre vores services og indhold.<\/p><p><strong>Periode for opbevaring<\/strong><br \/>Vi opbevarer oplysninger i det tidsrum, som er tilladt i henhold til lovgivningen, og vi sletter dem, n\u00e5r de ikke l\u00e6ngere er n\u00f8dvendige eller relevante. Perioden afh\u00e6nger af, hvilken karakter oplysningen er og baggrunden for opbevaring. Det er derfor ikke muligt at give en generel tidsramme for, hvorn\u00e5r informationer slettes.<\/p><p><strong>Videregivelse af oplysninger<\/strong><br \/>Data om din brug af websitet, hvilke annoncer du modtager og evt. klikker p\u00e5, geografisk placering, k\u00f8n og alderssegment m.v. videregives til tredjeparter i det omfang oplysningerne er kendt, og s\u00e5fremt vi benytter os af tredjeparter. Du kan se hvilke tredjeparter, der er tale om, i afsnittet om Cookies ovenfor. Oplysningerne bliver anvendt til m\u00e5lrettet annoncering.<\/p><p>Vi benytter derudover en r\u00e6kke tredjeparter til opbevaring og behandling af data. Disse behandler udelukkende oplysninger p\u00e5 vegne af os og m\u00e5 ikke anvende dem til egne form\u00e5l.<\/p><p>Videregivelse af personoplysninger som navn og e-mail m.m. vil kun ske, hvis du selv giver samtykke til det. Vi anvender kun databehandlere i EU eller i lande, der kan give dine oplysninger en tilstr\u00e6kkelig beskyttelse.<\/p><p><strong>Indsigt og klager<\/strong><br \/>Du har ret til at f\u00e5 oplyst, hvilke personoplysninger, vi behandler om dig i et almindeligt format (dataportabilitet). Du kan desuden til enhver tid g\u00f8re indsigelse mod, at oplysningerne anvendes. Du kan ogs\u00e5 tilbagekalde dit samtykke til, at der bliver behandlet oplysninger om dig. Hvis de oplysninger, der behandles om dig, er forkerte har du ret til, at de bliver rettet eller slettet. Henvendelse herom kan ske til: kontakt@ollisdiner.dk. Hvis du vil klage over vores behandling af dine personoplysninger, har du ogs\u00e5 mulighed for at tage kontakt til Datatilsynet.<br \/>\u00d8nsker du ikke l\u00e6ngere, at vi skal behandle dine personoplysninger, eller at vi skal begr\u00e6nse behandlingen af dine personoplysninger, kan du ogs\u00e5 sende os en anmodning herom til ovenn\u00e6vnte e-mailadresse.<\/p><p><strong>Udgiver<\/strong><br \/>Websitet ejes og publiceres af:<\/p><p><strong>Olli&#8217;s Diner<\/strong><br \/>Rosensgade 71, 1. th.<br \/>8300 Odder<br \/>Telefon: 25 21 11 29<br \/>E-mail: kontakt@ollisdiner.dk<\/p>\t\t\t\t\t\t\t\t<\/div>\n\t\t\t\t<\/div>\n\t\t\t\t\t<\/div>\n\t\t<\/div>\n\t\t\t\t\t<\/div>\n\t\t<\/section>\n\t\t\t\t<\/div>\n\t\t","protected":false},"excerpt":{"rendered":"<p>Cookie- og Privatlivspolitik COOKIE- OG PRIVATLIVSPOLITIK HOS OLLI&#8217;S DINER IntroduktionN\u00e5r du bes\u00f8ger vores website bliver der indsamlet oplysninger om dig, som bliver brugt til at tilpasse og forbedre vores indhold og til at skabe mere v\u00e6rdi hos de annoncer, der vises p\u00e5 siden. Hvis du ikke \u00f8nsker, at der bliver indsamlet oplysninger om dig, b\u00f8r&#8230;<\/p>\n","protected":false},"author":1,"featured_media":0,"parent":0,"menu_order":0,"comment_status":"closed","ping_status":"open","template":"","meta":{"footnotes":""},"class_list":["post-3","page","type-page","status-publish","hentry"],"yoast_head":"<!-- This site is optimized with the Yoast SEO plugin v27.4 - https:\/\/yoast.com\/product\/yoast-seo-wordpress\/ -->\n<title>Privacy Policy - Pensionistmad.dk - en del af Olli&#039;s Diner<\/title>\n<meta name=\"robots\" content=\"index, follow, max-snippet:-1, max-image-preview:large, max-video-preview:-1\" \/>\n<link rel=\"canonical\" href=\"https:\/\/www.ollisdiner.dk\/index.php\/privacy-policy\/\" \/>\n<meta property=\"og:locale\" content=\"en_US\" \/>\n<meta property=\"og:type\" content=\"article\" \/>\n<meta property=\"og:title\" content=\"Privacy Policy - Pensionistmad.dk - en del af Olli&#039;s Diner\" \/>\n<meta property=\"og:description\" content=\"Cookie- og Privatlivspolitik COOKIE- OG PRIVATLIVSPOLITIK HOS OLLI&#8217;S DINER IntroduktionN\u00e5r du bes\u00f8ger vores website bliver der indsamlet oplysninger om dig, som bliver brugt til at tilpasse og forbedre vores indhold og til at skabe mere v\u00e6rdi hos de annoncer, der vises p\u00e5 siden. Hvis du ikke \u00f8nsker, at der bliver indsamlet oplysninger om dig, b\u00f8r...\" \/>\n<meta property=\"og:url\" content=\"https:\/\/www.ollisdiner.dk\/index.php\/privacy-policy\/\" \/>\n<meta property=\"og:site_name\" content=\"Pensionistmad.dk - en del af Olli&#039;s Diner\" \/>\n<meta property=\"article:modified_time\" content=\"2020-11-28T13:04:25+00:00\" \/>\n<meta name=\"twitter:card\" content=\"summary_large_image\" \/>\n<meta name=\"twitter:label1\" content=\"Est. reading time\" \/>\n\t<meta name=\"twitter:data1\" content=\"4 minutes\" \/>\n<script type=\"application\/ld+json\" class=\"yoast-schema-graph\">{\"@context\":\"https:\\\/\\\/schema.org\",\"@graph\":[{\"@type\":\"WebPage\",\"@id\":\"https:\\\/\\\/www.ollisdiner.dk\\\/index.php\\\/privacy-policy\\\/\",\"url\":\"https:\\\/\\\/www.ollisdiner.dk\\\/index.php\\\/privacy-policy\\\/\",\"name\":\"Privacy Policy - Pensionistmad.dk - en del af Olli's Diner\",\"isPartOf\":{\"@id\":\"https:\\\/\\\/www.ollisdiner.dk\\\/#website\"},\"datePublished\":\"2020-11-26T08:18:17+00:00\",\"dateModified\":\"2020-11-28T13:04:25+00:00\",\"breadcrumb\":{\"@id\":\"https:\\\/\\\/www.ollisdiner.dk\\\/index.php\\\/privacy-policy\\\/#breadcrumb\"},\"inLanguage\":\"en\",\"potentialAction\":[{\"@type\":\"ReadAction\",\"target\":[\"https:\\\/\\\/www.ollisdiner.dk\\\/index.php\\\/privacy-policy\\\/\"]}]},{\"@type\":\"BreadcrumbList\",\"@id\":\"https:\\\/\\\/www.ollisdiner.dk\\\/index.php\\\/privacy-policy\\\/#breadcrumb\",\"itemListElement\":[{\"@type\":\"ListItem\",\"position\":1,\"name\":\"Hjem\",\"item\":\"https:\\\/\\\/www.ollisdiner.dk\\\/\"},{\"@type\":\"ListItem\",\"position\":2,\"name\":\"Privacy Policy\"}]},{\"@type\":\"WebSite\",\"@id\":\"https:\\\/\\\/www.ollisdiner.dk\\\/#website\",\"url\":\"https:\\\/\\\/www.ollisdiner.dk\\\/\",\"name\":\"Pensionistmad.dk - en del af Olli's Diner\",\"description\":\"Pensionistmad til d&oslash;ren\",\"publisher\":{\"@id\":\"https:\\\/\\\/www.ollisdiner.dk\\\/#organization\"},\"potentialAction\":[{\"@type\":\"SearchAction\",\"target\":{\"@type\":\"EntryPoint\",\"urlTemplate\":\"https:\\\/\\\/www.ollisdiner.dk\\\/?s={search_term_string}\"},\"query-input\":{\"@type\":\"PropertyValueSpecification\",\"valueRequired\":true,\"valueName\":\"search_term_string\"}}],\"inLanguage\":\"en\"},{\"@type\":\"Organization\",\"@id\":\"https:\\\/\\\/www.ollisdiner.dk\\\/#organization\",\"name\":\"Pensionistmad.dk - en del af Olli's Diner\",\"url\":\"https:\\\/\\\/www.ollisdiner.dk\\\/\",\"logo\":{\"@type\":\"ImageObject\",\"inLanguage\":\"en\",\"@id\":\"https:\\\/\\\/www.ollisdiner.dk\\\/#\\\/schema\\\/logo\\\/image\\\/\",\"url\":\"https:\\\/\\\/www.ollisdiner.dk\\\/wp-content\\\/uploads\\\/2023\\\/03\\\/cropped-Artboard-1_.png\",\"contentUrl\":\"https:\\\/\\\/www.ollisdiner.dk\\\/wp-content\\\/uploads\\\/2023\\\/03\\\/cropped-Artboard-1_.png\",\"width\":1069,\"height\":205,\"caption\":\"Pensionistmad.dk - en del af Olli's Diner\"},\"image\":{\"@id\":\"https:\\\/\\\/www.ollisdiner.dk\\\/#\\\/schema\\\/logo\\\/image\\\/\"}}]}<\/script>\n<!-- \/ Yoast SEO plugin. -->","yoast_head_json":{"title":"Privacy Policy - Pensionistmad.dk - en del af Olli's Diner","robots":{"index":"index","follow":"follow","max-snippet":"max-snippet:-1","max-image-preview":"max-image-preview:large","max-video-preview":"max-video-preview:-1"},"canonical":"https:\/\/www.ollisdiner.dk\/index.php\/privacy-policy\/","og_locale":"en_US","og_type":"article","og_title":"Privacy Policy - Pensionistmad.dk - en del af Olli's Diner","og_description":"Cookie- og Privatlivspolitik COOKIE- OG PRIVATLIVSPOLITIK HOS OLLI&#8217;S DINER IntroduktionN\u00e5r du bes\u00f8ger vores website bliver der indsamlet oplysninger om dig, som bliver brugt til at tilpasse og forbedre vores indhold og til at skabe mere v\u00e6rdi hos de annoncer, der vises p\u00e5 siden. Hvis du ikke \u00f8nsker, at der bliver indsamlet oplysninger om dig, b\u00f8r...","og_url":"https:\/\/www.ollisdiner.dk\/index.php\/privacy-policy\/","og_site_name":"Pensionistmad.dk - en del af Olli's Diner","article_modified_time":"2020-11-28T13:04:25+00:00","twitter_card":"summary_large_image","twitter_misc":{"Est. reading time":"4 minutes"},"schema":{"@context":"https:\/\/schema.org","@graph":[{"@type":"WebPage","@id":"https:\/\/www.ollisdiner.dk\/index.php\/privacy-policy\/","url":"https:\/\/www.ollisdiner.dk\/index.php\/privacy-policy\/","name":"Privacy Policy - Pensionistmad.dk - en del af Olli's Diner","isPartOf":{"@id":"https:\/\/www.ollisdiner.dk\/#website"},"datePublished":"2020-11-26T08:18:17+00:00","dateModified":"2020-11-28T13:04:25+00:00","breadcrumb":{"@id":"https:\/\/www.ollisdiner.dk\/index.php\/privacy-policy\/#breadcrumb"},"inLanguage":"en","potentialAction":[{"@type":"ReadAction","target":["https:\/\/www.ollisdiner.dk\/index.php\/privacy-policy\/"]}]},{"@type":"BreadcrumbList","@id":"https:\/\/www.ollisdiner.dk\/index.php\/privacy-policy\/#breadcrumb","itemListElement":[{"@type":"ListItem","position":1,"name":"Hjem","item":"https:\/\/www.ollisdiner.dk\/"},{"@type":"ListItem","position":2,"name":"Privacy Policy"}]},{"@type":"WebSite","@id":"https:\/\/www.ollisdiner.dk\/#website","url":"https:\/\/www.ollisdiner.dk\/","name":"Pensionistmad.dk - en del af Olli's Diner","description":"Pensionistmad til d&oslash;ren","publisher":{"@id":"https:\/\/www.ollisdiner.dk\/#organization"},"potentialAction":[{"@type":"SearchAction","target":{"@type":"EntryPoint","urlTemplate":"https:\/\/www.ollisdiner.dk\/?s={search_term_string}"},"query-input":{"@type":"PropertyValueSpecification","valueRequired":true,"valueName":"search_term_string"}}],"inLanguage":"en"},{"@type":"Organization","@id":"https:\/\/www.ollisdiner.dk\/#organization","name":"Pensionistmad.dk - en del af Olli's Diner","url":"https:\/\/www.ollisdiner.dk\/","logo":{"@type":"ImageObject","inLanguage":"en","@id":"https:\/\/www.ollisdiner.dk\/#\/schema\/logo\/image\/","url":"https:\/\/www.ollisdiner.dk\/wp-content\/uploads\/2023\/03\/cropped-Artboard-1_.png","contentUrl":"https:\/\/www.ollisdiner.dk\/wp-content\/uploads\/2023\/03\/cropped-Artboard-1_.png","width":1069,"height":205,"caption":"Pensionistmad.dk - en del af Olli's Diner"},"image":{"@id":"https:\/\/www.ollisdiner.dk\/#\/schema\/logo\/image\/"}}]}},"_links":{"self":[{"href":"https:\/\/www.ollisdiner.dk\/index.php\/wp-json\/wp\/v2\/pages\/3","targetHints":{"allow":["GET"]}}],"collection":[{"href":"https:\/\/www.ollisdiner.dk\/index.php\/wp-json\/wp\/v2\/pages"}],"about":[{"href":"https:\/\/www.ollisdiner.dk\/index.php\/wp-json\/wp\/v2\/types\/page"}],"author":[{"embeddable":true,"href":"https:\/\/www.ollisdiner.dk\/index.php\/wp-json\/wp\/v2\/users\/1"}],"replies":[{"embeddable":true,"href":"https:\/\/www.ollisdiner.dk\/index.php\/wp-json\/wp\/v2\/comments?post=3"}],"version-history":[{"count":21,"href":"https:\/\/www.ollisdiner.dk\/index.php\/wp-json\/wp\/v2\/pages\/3\/revisions"}],"predecessor-version":[{"id":692,"href":"https:\/\/www.ollisdiner.dk\/index.php\/wp-json\/wp\/v2\/pages\/3\/revisions\/692"}],"wp:attachment":[{"href":"https:\/\/www.ollisdiner.dk\/index.php\/wp-json\/wp\/v2\/media?parent=3"}],"curies":[{"name":"wp","href":"https:\/\/api.w.org\/{rel}","templated":true}]}}