{"id":1186,"date":"2021-11-23T19:05:26","date_gmt":"2021-11-23T19:05:26","guid":{"rendered":"https:\/\/www.ollisdiner.dk\/?page_id=1186"},"modified":"2025-03-13T16:46:04","modified_gmt":"2025-03-13T16:46:04","slug":"konfirmation","status":"publish","type":"page","link":"https:\/\/www.ollisdiner.dk\/index.php\/konfirmation\/","title":{"rendered":"Konfirmation"},"content":{"rendered":"\t\t<div data-elementor-type=\"wp-page\" data-elementor-id=\"1186\" class=\"elementor elementor-1186\">\n\t\t\t\t\t\t<section class=\"elementor-section elementor-top-section elementor-element elementor-element-e82337c elementor-section-height-min-height elementor-section-content-middle elementor-section-boxed elementor-section-height-default elementor-section-items-middle\" data-id=\"e82337c\" data-element_type=\"section\" data-e-type=\"section\" data-settings=\"{&quot;background_background&quot;:&quot;classic&quot;}\">\n\t\t\t\t\t\t\t<div class=\"elementor-background-overlay\"><\/div>\n\t\t\t\t\t\t\t<div class=\"elementor-container elementor-column-gap-default\">\n\t\t\t\t\t<div class=\"elementor-column elementor-col-100 elementor-top-column elementor-element elementor-element-2e6451df\" data-id=\"2e6451df\" data-element_type=\"column\" data-e-type=\"column\">\n\t\t\t<div class=\"elementor-widget-wrap\">\n\t\t\t\t\t\t\t<\/div>\n\t\t<\/div>\n\t\t\t\t\t<\/div>\n\t\t<\/section>\n\t\t\t\t<section class=\"elementor-section elementor-top-section elementor-element elementor-element-2e2f331 elementor-section-boxed elementor-section-height-default elementor-section-height-default\" data-id=\"2e2f331\" data-element_type=\"section\" data-e-type=\"section\">\n\t\t\t\t\t\t<div class=\"elementor-container elementor-column-gap-default\">\n\t\t\t\t\t<div class=\"elementor-column elementor-col-100 elementor-top-column elementor-element elementor-element-1f310e6\" data-id=\"1f310e6\" data-element_type=\"column\" data-e-type=\"column\">\n\t\t\t<div class=\"elementor-widget-wrap elementor-element-populated\">\n\t\t\t\t\t\t<div class=\"elementor-element elementor-element-c931d3f elementor-widget elementor-widget-heading\" data-id=\"c931d3f\" data-element_type=\"widget\" data-e-type=\"widget\" data-widget_type=\"heading.default\">\n\t\t\t\t<div class=\"elementor-widget-container\">\n\t\t\t\t\t<h2 class=\"elementor-heading-title elementor-size-default\">Konfirmation<\/h2>\t\t\t\t<\/div>\n\t\t\t\t<\/div>\n\t\t\t\t<div class=\"elementor-element elementor-element-7d657a5 elementor-widget elementor-widget-text-editor\" data-id=\"7d657a5\" data-element_type=\"widget\" data-e-type=\"widget\" data-widget_type=\"text-editor.default\">\n\t\t\t\t<div class=\"elementor-widget-container\">\n\t\t\t\t\t\t\t\t\t<p>Priser er angivet pr. kuvert<br><\/p>\t\t\t\t\t\t\t\t<\/div>\n\t\t\t\t<\/div>\n\t\t\t\t\t<\/div>\n\t\t<\/div>\n\t\t\t\t\t<\/div>\n\t\t<\/section>\n\t\t\t\t<section class=\"elementor-section elementor-top-section elementor-element elementor-element-a055cdf elementor-section-boxed elementor-section-height-default elementor-section-height-default\" data-id=\"a055cdf\" data-element_type=\"section\" data-e-type=\"section\">\n\t\t\t\t\t\t<div class=\"elementor-container elementor-column-gap-wider\">\n\t\t\t\t\t<div class=\"elementor-column elementor-col-50 elementor-top-column elementor-element elementor-element-453472e\" data-id=\"453472e\" data-element_type=\"column\" data-e-type=\"column\">\n\t\t\t<div class=\"elementor-widget-wrap elementor-element-populated\">\n\t\t\t\t\t\t<div class=\"elementor-element elementor-element-39e3475 elementor-widget elementor-widget-price-list\" data-id=\"39e3475\" data-element_type=\"widget\" data-e-type=\"widget\" data-widget_type=\"price-list.default\">\n\t\t\t\t<div class=\"elementor-widget-container\">\n\t\t\t\t\t \t\t\t\t<\/div>\n\t\t\t\t<\/div>\n\t\t\t\t<div class=\"elementor-element elementor-element-ce9c890 elementor-widget elementor-widget-price-list\" data-id=\"ce9c890\" data-element_type=\"widget\" data-e-type=\"widget\" data-widget_type=\"price-list.default\">\n\t\t\t\t<div class=\"elementor-widget-container\">\n\t\t\t\t\t \t\t\t\t<\/div>\n\t\t\t\t<\/div>\n\t\t\t\t\t<\/div>\n\t\t<\/div>\n\t\t\t\t<div class=\"elementor-column elementor-col-50 elementor-top-column elementor-element elementor-element-795879c\" data-id=\"795879c\" data-element_type=\"column\" data-e-type=\"column\">\n\t\t\t<div class=\"elementor-widget-wrap elementor-element-populated\">\n\t\t\t\t\t\t<div class=\"elementor-element elementor-element-dc3a13e elementor-widget elementor-widget-price-list\" data-id=\"dc3a13e\" data-element_type=\"widget\" data-e-type=\"widget\" data-widget_type=\"price-list.default\">\n\t\t\t\t<div class=\"elementor-widget-container\">\n\t\t\t\t\t \t\t\t\t<\/div>\n\t\t\t\t<\/div>\n\t\t\t\t<div class=\"elementor-element elementor-element-2de9bad elementor-widget elementor-widget-price-list\" data-id=\"2de9bad\" data-element_type=\"widget\" data-e-type=\"widget\" data-widget_type=\"price-list.default\">\n\t\t\t\t<div class=\"elementor-widget-container\">\n\t\t\t\t\t \t\t\t\t<\/div>\n\t\t\t\t<\/div>\n\t\t\t\t\t<\/div>\n\t\t<\/div>\n\t\t\t\t\t<\/div>\n\t\t<\/section>\n\t\t\t\t<section class=\"elementor-section elementor-top-section elementor-element elementor-element-eb60b36 elementor-section-boxed elementor-section-height-default elementor-section-height-default\" data-id=\"eb60b36\" data-element_type=\"section\" data-e-type=\"section\">\n\t\t\t\t\t\t<div class=\"elementor-container elementor-column-gap-default\">\n\t\t\t\t\t<div class=\"elementor-column elementor-col-100 elementor-top-column elementor-element elementor-element-bee0a87\" data-id=\"bee0a87\" data-element_type=\"column\" data-e-type=\"column\">\n\t\t\t<div class=\"elementor-widget-wrap elementor-element-populated\">\n\t\t\t\t\t\t<div class=\"elementor-element elementor-element-8f76fe0 elementor-widget-divider--view-line elementor-widget elementor-widget-divider\" data-id=\"8f76fe0\" data-element_type=\"widget\" data-e-type=\"widget\" data-widget_type=\"divider.default\">\n\t\t\t\t<div class=\"elementor-widget-container\">\n\t\t\t\t\t\t\t<div class=\"elementor-divider\">\n\t\t\t<span class=\"elementor-divider-separator\">\n\t\t\t\t\t\t<\/span>\n\t\t<\/div>\n\t\t\t\t\t\t<\/div>\n\t\t\t\t<\/div>\n\t\t\t\t\t<\/div>\n\t\t<\/div>\n\t\t\t\t\t<\/div>\n\t\t<\/section>\n\t\t\t\t<section class=\"elementor-section elementor-top-section elementor-element elementor-element-50f299c elementor-section-boxed elementor-section-height-default elementor-section-height-default\" data-id=\"50f299c\" data-element_type=\"section\" data-e-type=\"section\">\n\t\t\t\t\t\t<div class=\"elementor-container elementor-column-gap-wider\">\n\t\t\t\t\t<div class=\"elementor-column elementor-col-50 elementor-top-column elementor-element elementor-element-c2706f5\" data-id=\"c2706f5\" data-element_type=\"column\" data-e-type=\"column\">\n\t\t\t<div class=\"elementor-widget-wrap elementor-element-populated\">\n\t\t\t\t\t\t<div class=\"elementor-element elementor-element-9776400 elementor-widget elementor-widget-price-list\" data-id=\"9776400\" data-element_type=\"widget\" data-e-type=\"widget\" data-widget_type=\"price-list.default\">\n\t\t\t\t<div class=\"elementor-widget-container\">\n\t\t\t\t\t \t\t\t\t<\/div>\n\t\t\t\t<\/div>\n\t\t\t\t<div class=\"elementor-element elementor-element-cebe573 elementor-widget elementor-widget-price-list\" data-id=\"cebe573\" data-element_type=\"widget\" data-e-type=\"widget\" data-widget_type=\"price-list.default\">\n\t\t\t\t<div class=\"elementor-widget-container\">\n\t\t\t\t\t \t\t\t\t<\/div>\n\t\t\t\t<\/div>\n\t\t\t\t\t<\/div>\n\t\t<\/div>\n\t\t\t\t<div class=\"elementor-column elementor-col-50 elementor-top-column elementor-element elementor-element-2b10e6e\" data-id=\"2b10e6e\" data-element_type=\"column\" data-e-type=\"column\">\n\t\t\t<div class=\"elementor-widget-wrap\">\n\t\t\t\t\t\t\t<\/div>\n\t\t<\/div>\n\t\t\t\t\t<\/div>\n\t\t<\/section>\n\t\t\t\t<section class=\"elementor-section elementor-top-section elementor-element elementor-element-d93f9f4 elementor-section-boxed elementor-section-height-default elementor-section-height-default\" data-id=\"d93f9f4\" data-element_type=\"section\" data-e-type=\"section\">\n\t\t\t\t\t\t<div class=\"elementor-container elementor-column-gap-default\">\n\t\t\t\t\t<div class=\"elementor-column elementor-col-100 elementor-top-column elementor-element elementor-element-34e0c38\" data-id=\"34e0c38\" data-element_type=\"column\" data-e-type=\"column\">\n\t\t\t<div class=\"elementor-widget-wrap\">\n\t\t\t\t\t\t\t<\/div>\n\t\t<\/div>\n\t\t\t\t\t<\/div>\n\t\t<\/section>\n\t\t\t\t<section class=\"elementor-section elementor-top-section elementor-element elementor-element-84d2813 elementor-section-boxed elementor-section-height-default elementor-section-height-default\" data-id=\"84d2813\" data-element_type=\"section\" data-e-type=\"section\">\n\t\t\t\t\t\t<div class=\"elementor-container elementor-column-gap-default\">\n\t\t\t\t\t<div class=\"elementor-column elementor-col-100 elementor-top-column elementor-element elementor-element-24c6900\" data-id=\"24c6900\" data-element_type=\"column\" data-e-type=\"column\">\n\t\t\t<div class=\"elementor-widget-wrap elementor-element-populated\">\n\t\t\t\t\t\t<div class=\"elementor-element elementor-element-e3d7548 elementor-widget elementor-widget-text-editor\" data-id=\"e3d7548\" data-element_type=\"widget\" data-e-type=\"widget\" data-widget_type=\"text-editor.default\">\n\t\t\t\t<div class=\"elementor-widget-container\">\n\t\t\t\t\t\t\t\t\t<p>*Vi tager forbehold for pris\u00e6ndringer<\/p>\t\t\t\t\t\t\t\t<\/div>\n\t\t\t\t<\/div>\n\t\t\t\t\t<\/div>\n\t\t<\/div>\n\t\t\t\t\t<\/div>\n\t\t<\/section>\n\t\t\t\t<section class=\"elementor-section elementor-top-section elementor-element elementor-element-a03a21f elementor-section-boxed elementor-section-height-default elementor-section-height-default\" data-id=\"a03a21f\" data-element_type=\"section\" data-e-type=\"section\">\n\t\t\t\t\t\t<div class=\"elementor-container elementor-column-gap-wider\">\n\t\t\t\t\t<div class=\"elementor-column elementor-col-50 elementor-top-column elementor-element elementor-element-4e99a65\" data-id=\"4e99a65\" data-element_type=\"column\" data-e-type=\"column\">\n\t\t\t<div class=\"elementor-widget-wrap elementor-element-populated\">\n\t\t\t\t\t\t<div class=\"elementor-element elementor-element-7b4a4ae elementor-widget elementor-widget-heading\" data-id=\"7b4a4ae\" data-element_type=\"widget\" data-e-type=\"widget\" data-widget_type=\"heading.default\">\n\t\t\t\t<div class=\"elementor-widget-container\">\n\t\t\t\t\t<h2 class=\"elementor-heading-title elementor-size-default\">Bestil din menu hos Olli's Diner<\/h2>\t\t\t\t<\/div>\n\t\t\t\t<\/div>\n\t\t\t\t<div class=\"elementor-element elementor-element-db2fb24 elementor-widget elementor-widget-text-editor\" data-id=\"db2fb24\" data-element_type=\"widget\" data-e-type=\"widget\" data-widget_type=\"text-editor.default\">\n\t\t\t\t<div class=\"elementor-widget-container\">\n\t\t\t\t\t\t\t\t\t<p>\u00d8nsker du at bestille menu hos Olli&#8217;s Diner, s\u00e5 kontakt mig p\u00e5\u00a0<br \/><span style=\"font-family: var( --e-global-typography-8d6bb13-font-family ), Sans-serif; font-size: var( --e-global-typography-8d6bb13-font-size ); font-weight: var( --e-global-typography-8d6bb13-font-weight ); letter-spacing: var( --e-global-typography-8d6bb13-letter-spacing );\">telefon eller mail med dine \u00f8nsker.<\/span><\/p><p>Telefon: 25 21 11 29<br \/>Mail: <a href=\"mailto:kontakt@ollisdiner.dk\">kontakt@ollisdiner.dk<\/a><\/p>\t\t\t\t\t\t\t\t<\/div>\n\t\t\t\t<\/div>\n\t\t\t\t\t<\/div>\n\t\t<\/div>\n\t\t\t\t<div class=\"elementor-column elementor-col-50 elementor-top-column elementor-element elementor-element-8306cff\" data-id=\"8306cff\" data-element_type=\"column\" data-e-type=\"column\">\n\t\t\t<div class=\"elementor-widget-wrap\">\n\t\t\t\t\t\t\t<\/div>\n\t\t<\/div>\n\t\t\t\t\t<\/div>\n\t\t<\/section>\n\t\t\t\t<\/div>\n\t\t","protected":false},"excerpt":{"rendered":"<p>Konfirmation Priser er angivet pr. kuvert Menu 1 295,- Forret Koldr\u00f8get laks p\u00e5 bund af avocadomos, gr\u00f8nne asparges og l\u00e6kkert br\u00f8d fra Byens Bager Hovedret Helstegt okseh\u00f8jreb med bagt urtekartoffelmos, s\u00f8de bagte rodfrugter og hvedekernesalat med granat\u00e6ble Dessert l\u00e6kker chokolade brownie med hjemmelavet vaniljeis og frugt\u200b Menu 2 255,- Forret Tunmousse p\u00e5 bund af spr\u00f8de [&hellip;]<\/p>\n","protected":false},"author":1,"featured_media":0,"parent":0,"menu_order":0,"comment_status":"closed","ping_status":"closed","template":"","meta":{"footnotes":""},"class_list":["post-1186","page","type-page","status-publish","hentry"],"yoast_head":"<!-- This site is optimized with the Yoast SEO plugin v27.2 - https:\/\/yoast.com\/product\/yoast-seo-wordpress\/ -->\n<title>Konfirmation - Pensionistmad.dk - en del af Olli&#039;s Diner<\/title>\n<meta name=\"robots\" content=\"index, follow, max-snippet:-1, max-image-preview:large, max-video-preview:-1\" \/>\n<link rel=\"canonical\" href=\"https:\/\/www.ollisdiner.dk\/index.php\/konfirmation\/\" \/>\n<meta property=\"og:locale\" content=\"en_US\" \/>\n<meta property=\"og:type\" content=\"article\" \/>\n<meta property=\"og:title\" content=\"Konfirmation - Pensionistmad.dk - en del af Olli&#039;s Diner\" \/>\n<meta property=\"og:description\" content=\"Konfirmation Priser er angivet pr. kuvert Menu 1 295,- Forret Koldr\u00f8get laks p\u00e5 bund af avocadomos, gr\u00f8nne asparges og l\u00e6kkert br\u00f8d fra Byens Bager Hovedret Helstegt okseh\u00f8jreb med bagt urtekartoffelmos, s\u00f8de bagte rodfrugter og hvedekernesalat med granat\u00e6ble Dessert l\u00e6kker chokolade brownie med hjemmelavet vaniljeis og frugt\u200b Menu 2 255,- Forret Tunmousse p\u00e5 bund af spr\u00f8de [&hellip;]\" \/>\n<meta property=\"og:url\" content=\"https:\/\/www.ollisdiner.dk\/index.php\/konfirmation\/\" \/>\n<meta property=\"og:site_name\" content=\"Pensionistmad.dk - en del af Olli&#039;s Diner\" \/>\n<meta property=\"article:modified_time\" content=\"2025-03-13T16:46:04+00:00\" \/>\n<meta name=\"twitter:card\" content=\"summary_large_image\" \/>\n<meta name=\"twitter:label1\" content=\"Est. reading time\" \/>\n\t<meta name=\"twitter:data1\" content=\"1 minute\" \/>\n<script type=\"application\/ld+json\" class=\"yoast-schema-graph\">{\"@context\":\"https:\/\/schema.org\",\"@graph\":[{\"@type\":\"WebPage\",\"@id\":\"https:\/\/www.ollisdiner.dk\/index.php\/konfirmation\/\",\"url\":\"https:\/\/www.ollisdiner.dk\/index.php\/konfirmation\/\",\"name\":\"Konfirmation - Pensionistmad.dk - en del af Olli's Diner\",\"isPartOf\":{\"@id\":\"https:\/\/www.ollisdiner.dk\/#website\"},\"datePublished\":\"2021-11-23T19:05:26+00:00\",\"dateModified\":\"2025-03-13T16:46:04+00:00\",\"breadcrumb\":{\"@id\":\"https:\/\/www.ollisdiner.dk\/index.php\/konfirmation\/#breadcrumb\"},\"inLanguage\":\"en\",\"potentialAction\":[{\"@type\":\"ReadAction\",\"target\":[\"https:\/\/www.ollisdiner.dk\/index.php\/konfirmation\/\"]}]},{\"@type\":\"BreadcrumbList\",\"@id\":\"https:\/\/www.ollisdiner.dk\/index.php\/konfirmation\/#breadcrumb\",\"itemListElement\":[{\"@type\":\"ListItem\",\"position\":1,\"name\":\"Hjem\",\"item\":\"https:\/\/www.ollisdiner.dk\/\"},{\"@type\":\"ListItem\",\"position\":2,\"name\":\"Konfirmation\"}]},{\"@type\":\"WebSite\",\"@id\":\"https:\/\/www.ollisdiner.dk\/#website\",\"url\":\"https:\/\/www.ollisdiner.dk\/\",\"name\":\"Pensionistmad.dk - en del af Olli's Diner\",\"description\":\"Pensionistmad til d&oslash;ren\",\"publisher\":{\"@id\":\"https:\/\/www.ollisdiner.dk\/#organization\"},\"potentialAction\":[{\"@type\":\"SearchAction\",\"target\":{\"@type\":\"EntryPoint\",\"urlTemplate\":\"https:\/\/www.ollisdiner.dk\/?s={search_term_string}\"},\"query-input\":{\"@type\":\"PropertyValueSpecification\",\"valueRequired\":true,\"valueName\":\"search_term_string\"}}],\"inLanguage\":\"en\"},{\"@type\":\"Organization\",\"@id\":\"https:\/\/www.ollisdiner.dk\/#organization\",\"name\":\"Pensionistmad.dk - en del af Olli's Diner\",\"url\":\"https:\/\/www.ollisdiner.dk\/\",\"logo\":{\"@type\":\"ImageObject\",\"inLanguage\":\"en\",\"@id\":\"https:\/\/www.ollisdiner.dk\/#\/schema\/logo\/image\/\",\"url\":\"https:\/\/www.ollisdiner.dk\/wp-content\/uploads\/2023\/03\/cropped-Artboard-1_.png\",\"contentUrl\":\"https:\/\/www.ollisdiner.dk\/wp-content\/uploads\/2023\/03\/cropped-Artboard-1_.png\",\"width\":1069,\"height\":205,\"caption\":\"Pensionistmad.dk - en del af Olli's Diner\"},\"image\":{\"@id\":\"https:\/\/www.ollisdiner.dk\/#\/schema\/logo\/image\/\"}}]}<\/script>\n<!-- \/ Yoast SEO plugin. -->","yoast_head_json":{"title":"Konfirmation - Pensionistmad.dk - en del af Olli's Diner","robots":{"index":"index","follow":"follow","max-snippet":"max-snippet:-1","max-image-preview":"max-image-preview:large","max-video-preview":"max-video-preview:-1"},"canonical":"https:\/\/www.ollisdiner.dk\/index.php\/konfirmation\/","og_locale":"en_US","og_type":"article","og_title":"Konfirmation - Pensionistmad.dk - en del af Olli's Diner","og_description":"Konfirmation Priser er angivet pr. kuvert Menu 1 295,- Forret Koldr\u00f8get laks p\u00e5 bund af avocadomos, gr\u00f8nne asparges og l\u00e6kkert br\u00f8d fra Byens Bager Hovedret Helstegt okseh\u00f8jreb med bagt urtekartoffelmos, s\u00f8de bagte rodfrugter og hvedekernesalat med granat\u00e6ble Dessert l\u00e6kker chokolade brownie med hjemmelavet vaniljeis og frugt\u200b Menu 2 255,- Forret Tunmousse p\u00e5 bund af spr\u00f8de [&hellip;]","og_url":"https:\/\/www.ollisdiner.dk\/index.php\/konfirmation\/","og_site_name":"Pensionistmad.dk - en del af Olli's Diner","article_modified_time":"2025-03-13T16:46:04+00:00","twitter_card":"summary_large_image","twitter_misc":{"Est. reading time":"1 minute"},"schema":{"@context":"https:\/\/schema.org","@graph":[{"@type":"WebPage","@id":"https:\/\/www.ollisdiner.dk\/index.php\/konfirmation\/","url":"https:\/\/www.ollisdiner.dk\/index.php\/konfirmation\/","name":"Konfirmation - Pensionistmad.dk - en del af Olli's Diner","isPartOf":{"@id":"https:\/\/www.ollisdiner.dk\/#website"},"datePublished":"2021-11-23T19:05:26+00:00","dateModified":"2025-03-13T16:46:04+00:00","breadcrumb":{"@id":"https:\/\/www.ollisdiner.dk\/index.php\/konfirmation\/#breadcrumb"},"inLanguage":"en","potentialAction":[{"@type":"ReadAction","target":["https:\/\/www.ollisdiner.dk\/index.php\/konfirmation\/"]}]},{"@type":"BreadcrumbList","@id":"https:\/\/www.ollisdiner.dk\/index.php\/konfirmation\/#breadcrumb","itemListElement":[{"@type":"ListItem","position":1,"name":"Hjem","item":"https:\/\/www.ollisdiner.dk\/"},{"@type":"ListItem","position":2,"name":"Konfirmation"}]},{"@type":"WebSite","@id":"https:\/\/www.ollisdiner.dk\/#website","url":"https:\/\/www.ollisdiner.dk\/","name":"Pensionistmad.dk - en del af Olli's Diner","description":"Pensionistmad til d&oslash;ren","publisher":{"@id":"https:\/\/www.ollisdiner.dk\/#organization"},"potentialAction":[{"@type":"SearchAction","target":{"@type":"EntryPoint","urlTemplate":"https:\/\/www.ollisdiner.dk\/?s={search_term_string}"},"query-input":{"@type":"PropertyValueSpecification","valueRequired":true,"valueName":"search_term_string"}}],"inLanguage":"en"},{"@type":"Organization","@id":"https:\/\/www.ollisdiner.dk\/#organization","name":"Pensionistmad.dk - en del af Olli's Diner","url":"https:\/\/www.ollisdiner.dk\/","logo":{"@type":"ImageObject","inLanguage":"en","@id":"https:\/\/www.ollisdiner.dk\/#\/schema\/logo\/image\/","url":"https:\/\/www.ollisdiner.dk\/wp-content\/uploads\/2023\/03\/cropped-Artboard-1_.png","contentUrl":"https:\/\/www.ollisdiner.dk\/wp-content\/uploads\/2023\/03\/cropped-Artboard-1_.png","width":1069,"height":205,"caption":"Pensionistmad.dk - en del af Olli's Diner"},"image":{"@id":"https:\/\/www.ollisdiner.dk\/#\/schema\/logo\/image\/"}}]}},"_links":{"self":[{"href":"https:\/\/www.ollisdiner.dk\/index.php\/wp-json\/wp\/v2\/pages\/1186","targetHints":{"allow":["GET"]}}],"collection":[{"href":"https:\/\/www.ollisdiner.dk\/index.php\/wp-json\/wp\/v2\/pages"}],"about":[{"href":"https:\/\/www.ollisdiner.dk\/index.php\/wp-json\/wp\/v2\/types\/page"}],"author":[{"embeddable":true,"href":"https:\/\/www.ollisdiner.dk\/index.php\/wp-json\/wp\/v2\/users\/1"}],"replies":[{"embeddable":true,"href":"https:\/\/www.ollisdiner.dk\/index.php\/wp-json\/wp\/v2\/comments?post=1186"}],"version-history":[{"count":45,"href":"https:\/\/www.ollisdiner.dk\/index.php\/wp-json\/wp\/v2\/pages\/1186\/revisions"}],"predecessor-version":[{"id":3060,"href":"https:\/\/www.ollisdiner.dk\/index.php\/wp-json\/wp\/v2\/pages\/1186\/revisions\/3060"}],"wp:attachment":[{"href":"https:\/\/www.ollisdiner.dk\/index.php\/wp-json\/wp\/v2\/media?parent=1186"}],"curies":[{"name":"wp","href":"https:\/\/api.w.org\/{rel}","templated":true}]}}